{"id":3307,"date":"2018-07-05T09:30:34","date_gmt":"2018-07-05T13:30:34","guid":{"rendered":"http:\/\/acaweb.ca\/fr\/?page_id=3307"},"modified":"2018-07-05T09:36:22","modified_gmt":"2018-07-05T13:36:22","slug":"le-forum-executif-du-juin-2018-en-photos","status":"publish","type":"page","link":"https:\/\/acaweb.ca\/fr\/formation-et-evenements\/le-forum-executif-du-juin-2018-en-photos\/","title":{"rendered":"Le Forum ex\u00e9cutif du juin 2018 en photos"},"content":{"rendered":"<div class=\"gallery-container\">\n<ul id=\"gallery-viewer\" class=\"gallery-viewer\">\n<li class=\"gallery-photo\"><img loading=\"lazy\" decoding=\"async\" src=\"http:\/\/acaweb.ca\/en\/wp-content\/uploads\/sites\/2\/2018\/07\/1-networking-1.jpg\" alt=\"Ron Lund, pr\u00e9sident et chef de la direction de l\u2019ACA en pleine conversation avec le vice-pr\u00e9sident principal, Brasseries Labatt du Canada et membre du conseil d\u2019administration de l\u2019ACA, Todd Allen, et un autre participant.\" width=\"155\" height=\"145\" class=\"alignnone size-full wp-image-3760\" \/>\n<p>Ron Lund, pr\u00e9sident et chef de la direction de l\u2019ACA en pleine conversation avec le vice-pr\u00e9sident principal, Brasseries Labatt du Canada et membre du conseil d\u2019administration de l\u2019ACA, Todd Allen, et un autre participant.<\/p>\n<\/li>\n<li class=\"gallery-photo\"><img loading=\"lazy\" decoding=\"async\" src=\"http:\/\/acaweb.ca\/en\/wp-content\/uploads\/sites\/2\/2018\/07\/2-breakfast-sponsor.jpg\" alt=\"Global Media Group, le commanditaire du petit d\u00e9jeuner, nous a fait d\u00e9buter la journ\u00e9e du bon pied.\" width=\"145\" height=\"155\" class=\"alignnone size-full wp-image-3762\" \/>\n<p>Global Media Group, le commanditaire du petit d\u00e9jeuner, nous a fait d\u00e9buter la journ\u00e9e du bon pied.<\/p>\n<\/li>\n<li class=\"gallery-photo\"><img loading=\"lazy\" decoding=\"async\" src=\"http:\/\/acaweb.ca\/en\/wp-content\/uploads\/sites\/2\/2018\/07\/3-networking-2.jpg\" alt=\"On sert des mains et on socialise d\u00e9j\u00e0 alors que les participants arrivent.\" width=\"155\" height=\"145\" class=\"alignnone size-full wp-image-3764\" \/>\n<p> On sert des mains et on socialise d\u00e9j\u00e0 alors que les participants arrivent.<\/p>\n<\/li>\n<li class=\"gallery-photo\"><img loading=\"lazy\" decoding=\"async\" src=\"http:\/\/acaweb.ca\/en\/wp-content\/uploads\/sites\/2\/2018\/07\/4-sponsor-sign.jpg\" alt=\"Un gros merci \u00e0 nos commanditaires strat\u00e9giques, ComScore et Globe Media Group, notre commanditaire Platine, CPAX, et notre commanditaire Or, AAM, pour nous avoir aid\u00e9s \u00e0 rendre possible cet \u00e9v\u00e9nement d\u2019une qualit\u00e9 remarquable.\" width=\"145\" height=\"155\" class=\"alignnone size-full wp-image-3767\" \/>\n<p>Un gros merci \u00e0 nos commanditaires strat\u00e9giques, ComScore et Globe Media Group, notre commanditaire Platine, CPAX, et notre commanditaire Or, AAM, pour nous avoir aid\u00e9s \u00e0 rendre possible cet \u00e9v\u00e9nement d\u2019une qualit\u00e9 remarquable.<\/p>\n<\/li>\n<li class=\"gallery-photo\"><img loading=\"lazy\" decoding=\"async\" src=\"http:\/\/acaweb.ca\/en\/wp-content\/uploads\/sites\/2\/2018\/07\/5-ron-lund-mc.jpg\" alt=\"Le pr\u00e9sident et chef de la direction de l\u2019ACA, Ron Lund, donne le coup d\u2019envoi\u2009!\" width=\"155\" height=\"145\" class=\"alignnone size-full wp-image-3768\" \/>\n<p>Le pr\u00e9sident et chef de la direction de l\u2019ACA, Ron Lund, donne le coup d\u2019envoi\u2009!<\/p>\n<\/li>\n<li class=\"gallery-photo\"><img loading=\"lazy\" decoding=\"async\" src=\"http:\/\/acaweb.ca\/en\/wp-content\/uploads\/sites\/2\/2018\/07\/6-packed-house.jpg\" alt=\"C\u2019\u00e9tait salle comble au Corus Quay ce matin-l\u00e0.\" width=\"155\" height=\"145\" class=\"alignnone size-full wp-image-3769\" \/>\n<p>C\u2019\u00e9tait salle comble au Corus Quay ce matin-l\u00e0.<\/p>\n<\/li>\n<li class=\"gallery-photo\"><img loading=\"lazy\" decoding=\"async\" src=\"http:\/\/acaweb.ca\/en\/wp-content\/uploads\/sites\/2\/2018\/07\/7-speaker-george-ivie.jpg\" alt=\"Le pr\u00e9sident et chef de la direction de Media Rating Council, George Ivie, \u00e0 propos des objectifs apparemment divergents de l\u2019innovation et de la normalisation des mesures m\u00e9dia.\" width=\"155\" height=\"145\" class=\"alignnone size-full wp-image-3771\" \/>\n<p>Le pr\u00e9sident et chef de la direction de Media Rating Council, George Ivie, \u00e0 propos des objectifs apparemment divergents de l\u2019innovation et de la normalisation des mesures m\u00e9dia.<\/p>\n<\/li>\n<li class=\"gallery-photo\"><img loading=\"lazy\" decoding=\"async\" src=\"http:\/\/acaweb.ca\/en\/wp-content\/uploads\/sites\/2\/2018\/07\/8-rapt-with-attention.jpg\" alt=\"Les participants semblent suspendus aux l\u00e8vres de T.S.  Kelly, vice-pr\u00e9sident senior Recherche chez Alphonso, alors qu\u2019il leur fait d\u00e9couvrir des techniques r\u00e9volutionnaires de mesure t\u00e9l\u00e9.\" width=\"155\" height=\"145\" class=\"alignnone size-full wp-image-3770\" \/>\n<p>Les participants semblent suspendus aux l\u00e8vres de T.S.  Kelly, vice-pr\u00e9sident senior Recherche chez Alphonso, alors qu\u2019il leur fait d\u00e9couvrir des techniques r\u00e9volutionnaires de mesure t\u00e9l\u00e9.<\/p>\n<\/li>\n<li class=\"gallery-photo\"><img loading=\"lazy\" decoding=\"async\" src=\"http:\/\/acaweb.ca\/en\/wp-content\/uploads\/sites\/2\/2018\/07\/9-speaker-ts-kelly.jpg\" alt=\"T.S.  Kelly qui r\u00e9pond \u00e0 une question suppl\u00e9mentaire d\u2019un participant, peu apr\u00e8s sa conf\u00e9rence.\" width=\"155\" height=\"145\" class=\"alignnone size-full wp-image-3772\" \/>\n<p>T.S.  Kelly qui r\u00e9pond \u00e0 une question suppl\u00e9mentaire d\u2019un participant, peu apr\u00e8s sa conf\u00e9rence.<\/p>\n<\/li>\n<li class=\"gallery-photo\"><img loading=\"lazy\" decoding=\"async\" src=\"http:\/\/acaweb.ca\/en\/wp-content\/uploads\/sites\/2\/2018\/07\/10-taking-notes.jpg\" alt=\"Du contenu tr\u00e8s pr\u00e9cieux que l\u2019on gagne \u00e0 prendre en note\u2009!\" width=\"155\" height=\"145\" class=\"alignnone size-full wp-image-3773\" \/>\n<p>Du contenu tr\u00e8s pr\u00e9cieux que l\u2019on gagne \u00e0 prendre en note\u2009!<\/p>\n<\/li>\n<li class=\"gallery-photo\"><img loading=\"lazy\" decoding=\"async\" src=\"http:\/\/acaweb.ca\/en\/wp-content\/uploads\/sites\/2\/2018\/07\/11-speaker-shane-skillen.jpg\" alt=\"Shane Skillen, pr\u00e9sident et chef de la direction d\u2019Hotspex, d\u00e9montre aux participants l\u2019extr\u00eame importance du contexte en publicit\u00e9.\" width=\"155\" height=\"145\" class=\"alignnone size-full wp-image-3774\" \/>\n<p>Shane Skillen, pr\u00e9sident et chef de la direction d\u2019Hotspex, d\u00e9montre aux participants l\u2019extr\u00eame importance du contexte en publicit\u00e9. <\/p>\n<\/li>\n<li class=\"gallery-photo\"><img loading=\"lazy\" decoding=\"async\" src=\"http:\/\/acaweb.ca\/en\/wp-content\/uploads\/sites\/2\/2018\/07\/12-networking-3.jpg\" alt=\"Les pr\u00e9sentations sont termin\u00e9es, mais pas les conversations\u2009!\" width=\"155\" height=\"145\" class=\"alignnone size-full wp-image-3775\" \/>\n<p>Les pr\u00e9sentations sont termin\u00e9es, mais pas les conversations\u2009!<\/p>\n<\/li>\n<\/ul>\n<\/div>\n","protected":false},"excerpt":{"rendered":"<p>Ron Lund, pr\u00e9sident et chef de la direction de l\u2019ACA en pleine conversation avec le vice-pr\u00e9sident principal, Brasseries Labatt du Canada et membre du conseil d\u2019administration de l\u2019ACA, Todd Allen, et un autre participant. Global Media Group, le commanditaire du petit d\u00e9jeuner, nous a fait d\u00e9buter la journ\u00e9e du bon pied. On sert des mains [&hellip;]<\/p>\n","protected":false},"author":1,"featured_media":0,"parent":337,"menu_order":0,"comment_status":"closed","ping_status":"closed","template":"gallery.php","meta":{"_acf_changed":false,"content-type":"","footnotes":""},"acf":[],"yoast_head":"<!-- This site is optimized with the Yoast SEO plugin v23.4 - https:\/\/yoast.com\/wordpress\/plugins\/seo\/ -->\n<title>Association canadienne des annonceurs<\/title>\n<meta name=\"robots\" content=\"index, follow, max-snippet:-1, max-image-preview:large, max-video-preview:-1\" \/>\n<meta property=\"og:locale\" content=\"fr_CA\" \/>\n<meta property=\"og:type\" content=\"article\" \/>\n<meta property=\"og:site_name\" content=\"Association canadienne des annonceurs\" \/>\n<meta name=\"twitter:card\" content=\"summary_large_image\" \/>\n<script type=\"application\/ld+json\" class=\"yoast-schema-graph\">{\"@context\":\"https:\/\/schema.org\",\"@graph\":[{\"@type\":\"CollectionPage\",\"@id\":null,\"url\":\"\",\"name\":\"\",\"isPartOf\":{\"@id\":\"https:\/\/acaweb.ca\/fr\/#website\"},\"inLanguage\":\"fr-CA\"},{\"@type\":\"WebSite\",\"@id\":\"https:\/\/acaweb.ca\/fr\/#website\",\"url\":\"https:\/\/acaweb.ca\/fr\/\",\"name\":\"Association canadienne des annonceurs\",\"description\":\"\",\"publisher\":{\"@id\":\"https:\/\/acaweb.ca\/fr\/#organization\"},\"potentialAction\":[{\"@type\":\"SearchAction\",\"target\":{\"@type\":\"EntryPoint\",\"urlTemplate\":\"https:\/\/acaweb.ca\/fr\/?s={search_term_string}\"},\"query-input\":{\"@type\":\"PropertyValueSpecification\",\"valueRequired\":true,\"valueName\":\"search_term_string\"}}],\"inLanguage\":\"fr-CA\"},{\"@type\":\"Organization\",\"@id\":\"https:\/\/acaweb.ca\/fr\/#organization\",\"name\":\"Association canadienne des annonceurs\",\"url\":\"https:\/\/acaweb.ca\/fr\/\",\"logo\":{\"@type\":\"ImageObject\",\"inLanguage\":\"fr-CA\",\"@id\":\"https:\/\/acaweb.ca\/fr\/#\/schema\/logo\/image\/\",\"url\":\"https:\/\/acaweb.ca\/fr\/wp-content\/uploads\/sites\/3\/2017\/10\/cropped-ACA-FR-logo-colour.png\",\"contentUrl\":\"https:\/\/acaweb.ca\/fr\/wp-content\/uploads\/sites\/3\/2017\/10\/cropped-ACA-FR-logo-colour.png\",\"width\":1595,\"height\":417,\"caption\":\"Association canadienne des annonceurs\"},\"image\":{\"@id\":\"https:\/\/acaweb.ca\/fr\/#\/schema\/logo\/image\/\"}}]}<\/script>\n<!-- \/ Yoast SEO plugin. -->","yoast_head_json":{"title":"Association canadienne des annonceurs","robots":{"index":"index","follow":"follow","max-snippet":"max-snippet:-1","max-image-preview":"max-image-preview:large","max-video-preview":"max-video-preview:-1"},"og_locale":"fr_CA","og_type":"article","og_site_name":"Association canadienne des annonceurs","twitter_card":"summary_large_image","schema":{"@context":"https:\/\/schema.org","@graph":[{"@type":"CollectionPage","@id":null,"url":"","name":"","isPartOf":{"@id":"https:\/\/acaweb.ca\/fr\/#website"},"inLanguage":"fr-CA"},{"@type":"WebSite","@id":"https:\/\/acaweb.ca\/fr\/#website","url":"https:\/\/acaweb.ca\/fr\/","name":"Association canadienne des annonceurs","description":"","publisher":{"@id":"https:\/\/acaweb.ca\/fr\/#organization"},"potentialAction":[{"@type":"SearchAction","target":{"@type":"EntryPoint","urlTemplate":"https:\/\/acaweb.ca\/fr\/?s={search_term_string}"},"query-input":{"@type":"PropertyValueSpecification","valueRequired":true,"valueName":"search_term_string"}}],"inLanguage":"fr-CA"},{"@type":"Organization","@id":"https:\/\/acaweb.ca\/fr\/#organization","name":"Association canadienne des annonceurs","url":"https:\/\/acaweb.ca\/fr\/","logo":{"@type":"ImageObject","inLanguage":"fr-CA","@id":"https:\/\/acaweb.ca\/fr\/#\/schema\/logo\/image\/","url":"https:\/\/acaweb.ca\/fr\/wp-content\/uploads\/sites\/3\/2017\/10\/cropped-ACA-FR-logo-colour.png","contentUrl":"https:\/\/acaweb.ca\/fr\/wp-content\/uploads\/sites\/3\/2017\/10\/cropped-ACA-FR-logo-colour.png","width":1595,"height":417,"caption":"Association canadienne des annonceurs"},"image":{"@id":"https:\/\/acaweb.ca\/fr\/#\/schema\/logo\/image\/"}}]}},"_links":{"self":[{"href":"https:\/\/acaweb.ca\/fr\/wp-json\/wp\/v2\/pages\/3307"}],"collection":[{"href":"https:\/\/acaweb.ca\/fr\/wp-json\/wp\/v2\/pages"}],"about":[{"href":"https:\/\/acaweb.ca\/fr\/wp-json\/wp\/v2\/types\/page"}],"author":[{"embeddable":true,"href":"https:\/\/acaweb.ca\/fr\/wp-json\/wp\/v2\/users\/1"}],"replies":[{"embeddable":true,"href":"https:\/\/acaweb.ca\/fr\/wp-json\/wp\/v2\/comments?post=3307"}],"version-history":[{"count":3,"href":"https:\/\/acaweb.ca\/fr\/wp-json\/wp\/v2\/pages\/3307\/revisions"}],"predecessor-version":[{"id":3310,"href":"https:\/\/acaweb.ca\/fr\/wp-json\/wp\/v2\/pages\/3307\/revisions\/3310"}],"up":[{"embeddable":true,"href":"https:\/\/acaweb.ca\/fr\/wp-json\/wp\/v2\/pages\/337"}],"wp:attachment":[{"href":"https:\/\/acaweb.ca\/fr\/wp-json\/wp\/v2\/media?parent=3307"}],"curies":[{"name":"wp","href":"https:\/\/api.w.org\/{rel}","templated":true}]}}