{"id":3179,"date":"2018-04-24T09:07:12","date_gmt":"2018-04-24T13:07:12","guid":{"rendered":"http:\/\/acaweb.ca\/fr\/?page_id=3179"},"modified":"2021-07-29T21:29:37","modified_gmt":"2021-07-30T01:29:37","slug":"forum-executif-avril-2018-en-photos","status":"publish","type":"page","link":"https:\/\/acaweb.ca\/fr\/formation-et-evenements\/forum-executif-avril-2018-en-photos\/","title":{"rendered":"Le Forum ex\u00e9cutif du avril 2018 en photos"},"content":{"rendered":"<p>Le Artscape Sandbox du centre-ville de Toronto accueillait le 9 avril dernier l\u2019industrie de la publicit\u00e9 qui se r\u00e9unissait pour \u00e9couter les conf\u00e9rences de deux experts des cha\u00eenes de blocs et de l\u2019intelligence artificielle. Ceux-ci ont pr\u00e9sent\u00e9 leurs technologies respectives et permis de s\u00e9parer les faits de la fiction.<\/p>\n<div class=\"gallery-container\">\n<ul id=\"gallery-viewer\" class=\"gallery-viewer\">\n<li class=\"gallery-photo\"><img loading=\"lazy\" decoding=\"async\" src=\"http:\/\/acaweb.ca\/en\/wp-content\/uploads\/sites\/2\/2018\/04\/1.jpg\" alt=\"Les participants prennent leurs places pendant le mot de bienvenue de Chris Williams, v.-p., Marketing num\u00e9rique de l\u2019ACA\" width=\"145\" height=\"155\" class=\"alignnone size-full wp-image-3589\" \/>\n<p>Les participants prennent leurs places pendant le mot de bienvenue de Chris Williams, v.-p., Marketing num\u00e9rique de l\u2019ACA<\/p>\n<\/li>\n<li class=\"gallery-photo\"><img loading=\"lazy\" decoding=\"async\" src=\"http:\/\/acaweb.ca\/en\/wp-content\/uploads\/sites\/2\/2018\/04\/2.jpg\" alt=\"Chris Williams, v.-p., Marketing num\u00e9rique de l\u2019ACA annonce le prochain Forum ex\u00e9cutif, dont le th\u00e8me sera \u00ab le Rapprochement des \u00e9crans : t\u00e9l\u00e9 et m\u00e9dias num\u00e9riques \u00bb\" width=\"145\" height=\"155\" class=\"alignnone size-full wp-image-3590\" \/>\n<p>Chris Williams, v.-p., Marketing num\u00e9rique de l\u2019ACA annonce le prochain Forum ex\u00e9cutif, dont le th\u00e8me sera \u00ab le Rapprochement des \u00e9crans : t\u00e9l\u00e9 et m\u00e9dias num\u00e9riques \u00bb<\/p>\n<\/li>\n<li class=\"gallery-photo\"><img loading=\"lazy\" decoding=\"async\" src=\"http:\/\/acaweb.ca\/en\/wp-content\/uploads\/sites\/2\/2018\/04\/3.jpg\" alt=\"Will Luttrell, chef de la direction d\u2019Amino Payments explique ce que les cha\u00eenes de blocs peuvent apporter au marketing\" width=\"145\" height=\"155\" class=\"alignnone size-full wp-image-3598\" \/>\n<p>Will Luttrell, chef de la direction d\u2019Amino Payments explique ce que les cha\u00eenes de blocs peuvent apporter au marketing<\/p>\n<\/li>\n<li class=\"gallery-photo\"><img loading=\"lazy\" decoding=\"async\" src=\"http:\/\/acaweb.ca\/en\/wp-content\/uploads\/sites\/2\/2018\/04\/4.jpg\" alt=\"Konrad Feldman, cofondateur et chef de la direction de Quantcast parle du potentiel de l\u2019IA\" width=\"145\" height=\"155\" class=\"alignnone size-full wp-image-3599\" \/>\n<p>Konrad Feldman, cofondateur et chef de la direction de Quantcast parle du potentiel de l\u2019IA<\/p>\n<\/li>\n<li class=\"gallery-photo\"><img loading=\"lazy\" decoding=\"async\" src=\"http:\/\/acaweb.ca\/en\/wp-content\/uploads\/sites\/2\/2018\/04\/5.jpg\" alt=\"Les participants prennent une pause apr\u00e8s les conf\u00e9rences et la p\u00e9riode de questions\" width=\"145\" height=\"155\" class=\"alignnone size-full wp-image-3600\" \/>\n<p>Les participants prennent une pause apr\u00e8s les conf\u00e9rences et la p\u00e9riode de questions<\/p>\n<\/li>\n<li class=\"gallery-photo\"><img loading=\"lazy\" decoding=\"async\" src=\"http:\/\/acaweb.ca\/en\/wp-content\/uploads\/sites\/2\/2018\/04\/6.jpg\" alt=\"Le conf\u00e9rencier Konrad Feldman, cofondateur et chef de la direction de Quantcast, discute avec Drew Bradstock, v.-p. principal, Index Exchange\" width=\"145\" height=\"155\" class=\"alignnone size-full wp-image-3601\" \/>\n<p>Le conf\u00e9rencier Konrad Feldman, cofondateur et chef de la direction de Quantcast, discute avec Drew Bradstock, v.-p. principal, Index Exchange<\/p>\n<\/li>\n<li class=\"gallery-photo\"><img loading=\"lazy\" decoding=\"async\" src=\"http:\/\/acaweb.ca\/en\/wp-content\/uploads\/sites\/2\/2018\/04\/7.jpg\" alt=\"Judy Davey, v.-p., ACA; Laura Baehr, v.-p., Marketing, ThinkTV et Shane Skillen, chef de la direction, Hotspex (qui sera l\u2019un des conf\u00e9renciers de notre Forum du 15 juin) discutent apr\u00e8s l\u2019\u00e9v\u00e9nement\" width=\"145\" height=\"155\" class=\"alignnone size-full wp-image-3602\" \/>\n<p>Judy Davey, v.-p., ACA; Laura Baehr, v.-p., Marketing, ThinkTV et Shane Skillen, chef de la direction, Hotspex (qui sera l\u2019un des conf\u00e9renciers de notre Forum du 15 juin) discutent apr\u00e8s l\u2019\u00e9v\u00e9nement<\/p>\n<\/li>\n<li class=\"gallery-photo\"><img loading=\"lazy\" decoding=\"async\" src=\"http:\/\/acaweb.ca\/en\/wp-content\/uploads\/sites\/2\/2018\/04\/8.jpg\" alt=\"Will Luttrell, chef de la direction d\u2019Amino Payments discute avec un participant\" width=\"145\" height=\"155\" class=\"alignnone size-full wp-image-3603\" \/>\n<p>Will Luttrell, chef de la direction d\u2019Amino Payments discute avec un participant<\/p>\n<\/li>\n<\/ul>\n<\/div>\n","protected":false},"excerpt":{"rendered":"<p>Le Artscape Sandbox du centre-ville de Toronto accueillait le 9 avril dernier l\u2019industrie de la publicit\u00e9 qui se r\u00e9unissait pour \u00e9couter les conf\u00e9rences de deux experts des cha\u00eenes de blocs et de l\u2019intelligence artificielle. Ceux-ci ont pr\u00e9sent\u00e9 leurs technologies respectives et permis de s\u00e9parer les faits de la fiction. Les participants prennent leurs places pendant [&hellip;]<\/p>\n","protected":false},"author":1,"featured_media":0,"parent":337,"menu_order":0,"comment_status":"closed","ping_status":"closed","template":"gallery.php","meta":{"_acf_changed":false,"content-type":"","footnotes":""},"acf":[],"yoast_head":"<!-- This site is optimized with the Yoast SEO plugin v23.4 - https:\/\/yoast.com\/wordpress\/plugins\/seo\/ -->\n<title>Association canadienne des annonceurs<\/title>\n<meta name=\"robots\" content=\"index, follow, max-snippet:-1, max-image-preview:large, max-video-preview:-1\" \/>\n<meta property=\"og:locale\" content=\"fr_CA\" \/>\n<meta property=\"og:type\" content=\"article\" \/>\n<meta property=\"og:site_name\" content=\"Association canadienne des annonceurs\" \/>\n<meta name=\"twitter:card\" content=\"summary_large_image\" \/>\n<script type=\"application\/ld+json\" class=\"yoast-schema-graph\">{\"@context\":\"https:\/\/schema.org\",\"@graph\":[{\"@type\":\"CollectionPage\",\"@id\":null,\"url\":\"\",\"name\":\"\",\"isPartOf\":{\"@id\":\"https:\/\/acaweb.ca\/fr\/#website\"},\"inLanguage\":\"fr-CA\"},{\"@type\":\"WebSite\",\"@id\":\"https:\/\/acaweb.ca\/fr\/#website\",\"url\":\"https:\/\/acaweb.ca\/fr\/\",\"name\":\"Association canadienne des annonceurs\",\"description\":\"\",\"publisher\":{\"@id\":\"https:\/\/acaweb.ca\/fr\/#organization\"},\"potentialAction\":[{\"@type\":\"SearchAction\",\"target\":{\"@type\":\"EntryPoint\",\"urlTemplate\":\"https:\/\/acaweb.ca\/fr\/?s={search_term_string}\"},\"query-input\":{\"@type\":\"PropertyValueSpecification\",\"valueRequired\":true,\"valueName\":\"search_term_string\"}}],\"inLanguage\":\"fr-CA\"},{\"@type\":\"Organization\",\"@id\":\"https:\/\/acaweb.ca\/fr\/#organization\",\"name\":\"Association canadienne des annonceurs\",\"url\":\"https:\/\/acaweb.ca\/fr\/\",\"logo\":{\"@type\":\"ImageObject\",\"inLanguage\":\"fr-CA\",\"@id\":\"https:\/\/acaweb.ca\/fr\/#\/schema\/logo\/image\/\",\"url\":\"https:\/\/acaweb.ca\/fr\/wp-content\/uploads\/sites\/3\/2017\/10\/cropped-ACA-FR-logo-colour.png\",\"contentUrl\":\"https:\/\/acaweb.ca\/fr\/wp-content\/uploads\/sites\/3\/2017\/10\/cropped-ACA-FR-logo-colour.png\",\"width\":1595,\"height\":417,\"caption\":\"Association canadienne des annonceurs\"},\"image\":{\"@id\":\"https:\/\/acaweb.ca\/fr\/#\/schema\/logo\/image\/\"}}]}<\/script>\n<!-- \/ Yoast SEO plugin. -->","yoast_head_json":{"title":"Association canadienne des annonceurs","robots":{"index":"index","follow":"follow","max-snippet":"max-snippet:-1","max-image-preview":"max-image-preview:large","max-video-preview":"max-video-preview:-1"},"og_locale":"fr_CA","og_type":"article","og_site_name":"Association canadienne des annonceurs","twitter_card":"summary_large_image","schema":{"@context":"https:\/\/schema.org","@graph":[{"@type":"CollectionPage","@id":null,"url":"","name":"","isPartOf":{"@id":"https:\/\/acaweb.ca\/fr\/#website"},"inLanguage":"fr-CA"},{"@type":"WebSite","@id":"https:\/\/acaweb.ca\/fr\/#website","url":"https:\/\/acaweb.ca\/fr\/","name":"Association canadienne des annonceurs","description":"","publisher":{"@id":"https:\/\/acaweb.ca\/fr\/#organization"},"potentialAction":[{"@type":"SearchAction","target":{"@type":"EntryPoint","urlTemplate":"https:\/\/acaweb.ca\/fr\/?s={search_term_string}"},"query-input":{"@type":"PropertyValueSpecification","valueRequired":true,"valueName":"search_term_string"}}],"inLanguage":"fr-CA"},{"@type":"Organization","@id":"https:\/\/acaweb.ca\/fr\/#organization","name":"Association canadienne des annonceurs","url":"https:\/\/acaweb.ca\/fr\/","logo":{"@type":"ImageObject","inLanguage":"fr-CA","@id":"https:\/\/acaweb.ca\/fr\/#\/schema\/logo\/image\/","url":"https:\/\/acaweb.ca\/fr\/wp-content\/uploads\/sites\/3\/2017\/10\/cropped-ACA-FR-logo-colour.png","contentUrl":"https:\/\/acaweb.ca\/fr\/wp-content\/uploads\/sites\/3\/2017\/10\/cropped-ACA-FR-logo-colour.png","width":1595,"height":417,"caption":"Association canadienne des annonceurs"},"image":{"@id":"https:\/\/acaweb.ca\/fr\/#\/schema\/logo\/image\/"}}]}},"_links":{"self":[{"href":"https:\/\/acaweb.ca\/fr\/wp-json\/wp\/v2\/pages\/3179"}],"collection":[{"href":"https:\/\/acaweb.ca\/fr\/wp-json\/wp\/v2\/pages"}],"about":[{"href":"https:\/\/acaweb.ca\/fr\/wp-json\/wp\/v2\/types\/page"}],"author":[{"embeddable":true,"href":"https:\/\/acaweb.ca\/fr\/wp-json\/wp\/v2\/users\/1"}],"replies":[{"embeddable":true,"href":"https:\/\/acaweb.ca\/fr\/wp-json\/wp\/v2\/comments?post=3179"}],"version-history":[{"count":1,"href":"https:\/\/acaweb.ca\/fr\/wp-json\/wp\/v2\/pages\/3179\/revisions"}],"predecessor-version":[{"id":6138,"href":"https:\/\/acaweb.ca\/fr\/wp-json\/wp\/v2\/pages\/3179\/revisions\/6138"}],"up":[{"embeddable":true,"href":"https:\/\/acaweb.ca\/fr\/wp-json\/wp\/v2\/pages\/337"}],"wp:attachment":[{"href":"https:\/\/acaweb.ca\/fr\/wp-json\/wp\/v2\/media?parent=3179"}],"curies":[{"name":"wp","href":"https:\/\/api.w.org\/{rel}","templated":true}]}}