{"id":31,"date":"2017-10-06T11:46:41","date_gmt":"2017-10-06T15:46:41","guid":{"rendered":"http:\/\/www.acaweb.ca\/fr\/?page_id=31"},"modified":"2025-07-23T12:54:58","modified_gmt":"2025-07-23T16:54:58","slug":"conseil","status":"publish","type":"page","link":"https:\/\/acaweb.ca\/fr\/a-propos-de-nous\/conseil\/","title":{"rendered":"Conseil d&rsquo;Administration"},"content":{"rendered":"<h2>Conseil d&rsquo;administration 2025<\/h2>\n<p>L\u2019ACA est dirig\u00e9e par un conseil d\u2019administration form\u00e9 de repr\u00e9sentants des entreprises membres de l\u2019Association. Ces chefs de file travaillent sans compter pour r\u00e9aliser l\u2019ensemble des projets \u00e0 l\u2019agenda du Conseil. La valeur de cette contribution est inestimable et le personnel de l\u2019ACA, tout comme ses membres, leur en est grandement reconnaissant.<\/p>\n<p><strong>Pr\u00e9sident : Moya Brown<\/strong><br \/>\nVice-pr\u00e9sidente principale, strat\u00e9gie de marque et exp\u00e9rience | IG Wealth Management<\/p>\n<p><strong>David Allard<\/strong><br \/>\nDirecteur G\u00e9n\u00e9ral, Canada | Ricola<\/p>\n<p><strong>Michele Beaulieu<\/strong><br \/>\nDirectrice M\u00e9dia | Subway<\/p>\n<p><strong>Simon Cazelais<\/strong><br \/>\nVice-Pr\u00e9sident, Marketing | BRP<\/p>\n<p><strong>Tracey Cooke<\/strong><br \/>\nVice-pr\u00e9sidente, marketing et communication | Nestl\u00e9 Canada<\/p>\n<p><strong>Laura Cutsey<\/strong><br \/>\nDirectrice de groupe, Marketing &#8211; Canada et Nord-Est des \u00c9tats-Unis | La soci\u00e9t\u00e9 Coca-Cola<\/p>\n<p><strong>Rob Daintree<\/strong><br \/>\nDirecteur, Communications marketing, divertissement et Maison connect\u00e9e | TELUS<\/p>\n<p><strong>Marc Dicko<\/strong><br \/>\nChef de la direction digitale et marketing | L\u2019Or\u00e9al Canada <\/p>\n<p><strong>D&rsquo;Arcy Finley<\/strong><br \/>\nVice-pr\u00e9sident, marketing | Aliments Maple Leaf Inc.<\/p>\n<p><strong>Andrea Hunt<\/strong><br \/>\nPr\u00e9sidente et cheffe de la direction | Association canadienne des annonceurs<\/p>\n<p><strong>Catherine Laport<\/strong><br \/>\nCheffe de la direction marketing et num\u00e9rique | Rona<\/p>\n<p><strong>Jennifer Lo<\/strong><br \/>\nVice-pr\u00e9sidente, marketing | Les Produits de consommation Irving<\/p>\n<p><strong>Mike Moussa<\/strong><br \/>\nVP, Marketing Digital d&rsquo;Entreprise | Canadian Tire Corporation <\/p>\n<p><strong>Andrew Oosterhuis<\/strong><br \/>\nVice-pr\u00e9sident, marketing, Canada | Brasseries Labatt du Canada \u2013 AB InBev<\/p>\n<p><strong>Angela Sarino<\/strong><br \/>\nVice-pr\u00e9sidente, Marketing des partenaires commerciaux internes | CIBC\/Simplii Financial<\/p>\n<p><strong>Jennifer Seiler<\/strong><br \/>\nVice-pr\u00e9sidente principale, Marketing | P&amp;G Canada<\/p>\n<p><strong>Alain Tadros<\/strong><br \/>\nVice-Pr\u00e9sident et Directeur Marketing, Strat\u00e9gie Digitale | Metro Inc.<\/p>\n<p><!--<strong>Rebecca Wu<\/strong>\nDirectrice nationale, Marketing, Toyota Canada inc.--><\/p>\n<p><!--<strong>Ron Lund<\/strong>\nPr\u00e9sident et chef de la direction | Association canadienne des annonceurs--><\/p>\n","protected":false},"excerpt":{"rendered":"<p>Conseil d&rsquo;administration 2025 L\u2019ACA est dirig\u00e9e par un conseil d\u2019administration form\u00e9 de repr\u00e9sentants des entreprises membres de l\u2019Association. Ces chefs de file travaillent sans compter pour r\u00e9aliser l\u2019ensemble des projets \u00e0 l\u2019agenda du Conseil. La valeur de cette contribution est inestimable et le personnel de l\u2019ACA, tout comme ses membres, leur en est grandement reconnaissant. [&hellip;]<\/p>\n","protected":false},"author":1,"featured_media":0,"parent":9,"menu_order":0,"comment_status":"closed","ping_status":"closed","template":"","meta":{"_acf_changed":false,"content-type":"","footnotes":""},"acf":[],"yoast_head":"<!-- This site is optimized with the Yoast SEO plugin v23.4 - https:\/\/yoast.com\/wordpress\/plugins\/seo\/ -->\n<title>aca Archives - Association canadienne des annonceurs<\/title>\n<meta name=\"robots\" content=\"index, follow, max-snippet:-1, max-image-preview:large, max-video-preview:-1\" \/>\n<link rel=\"canonical\" href=\"https:\/\/acaweb.ca\/fr\/tag\/aca\/\" \/>\n<meta property=\"og:locale\" content=\"fr_CA\" \/>\n<meta property=\"og:type\" content=\"article\" \/>\n<meta property=\"og:title\" content=\"aca Archives - Association canadienne des annonceurs\" \/>\n<meta property=\"og:url\" content=\"https:\/\/acaweb.ca\/fr\/tag\/aca\/\" \/>\n<meta property=\"og:site_name\" content=\"Association canadienne des annonceurs\" \/>\n<meta name=\"twitter:card\" content=\"summary_large_image\" \/>\n<script type=\"application\/ld+json\" class=\"yoast-schema-graph\">{\"@context\":\"https:\/\/schema.org\",\"@graph\":[{\"@type\":\"CollectionPage\",\"@id\":\"https:\/\/acaweb.ca\/fr\/tag\/aca\/\",\"url\":\"https:\/\/acaweb.ca\/fr\/tag\/aca\/\",\"name\":\"aca Archives - Association canadienne des annonceurs\",\"isPartOf\":{\"@id\":\"https:\/\/acaweb.ca\/fr\/#website\"},\"breadcrumb\":{\"@id\":\"https:\/\/acaweb.ca\/fr\/tag\/aca\/#breadcrumb\"},\"inLanguage\":\"fr-CA\"},{\"@type\":\"BreadcrumbList\",\"@id\":\"https:\/\/acaweb.ca\/fr\/tag\/aca\/#breadcrumb\",\"itemListElement\":[{\"@type\":\"ListItem\",\"position\":1,\"name\":\"Accueil\",\"item\":\"https:\/\/acaweb.ca\/fr\/\"},{\"@type\":\"ListItem\",\"position\":2,\"name\":\"aca\"}]},{\"@type\":\"WebSite\",\"@id\":\"https:\/\/acaweb.ca\/fr\/#website\",\"url\":\"https:\/\/acaweb.ca\/fr\/\",\"name\":\"Association canadienne des annonceurs\",\"description\":\"\",\"publisher\":{\"@id\":\"https:\/\/acaweb.ca\/fr\/#organization\"},\"potentialAction\":[{\"@type\":\"SearchAction\",\"target\":{\"@type\":\"EntryPoint\",\"urlTemplate\":\"https:\/\/acaweb.ca\/fr\/?s={search_term_string}\"},\"query-input\":{\"@type\":\"PropertyValueSpecification\",\"valueRequired\":true,\"valueName\":\"search_term_string\"}}],\"inLanguage\":\"fr-CA\"},{\"@type\":\"Organization\",\"@id\":\"https:\/\/acaweb.ca\/fr\/#organization\",\"name\":\"Association canadienne des annonceurs\",\"url\":\"https:\/\/acaweb.ca\/fr\/\",\"logo\":{\"@type\":\"ImageObject\",\"inLanguage\":\"fr-CA\",\"@id\":\"https:\/\/acaweb.ca\/fr\/#\/schema\/logo\/image\/\",\"url\":\"https:\/\/acaweb.ca\/fr\/wp-content\/uploads\/sites\/3\/2017\/10\/cropped-ACA-FR-logo-colour.png\",\"contentUrl\":\"https:\/\/acaweb.ca\/fr\/wp-content\/uploads\/sites\/3\/2017\/10\/cropped-ACA-FR-logo-colour.png\",\"width\":1595,\"height\":417,\"caption\":\"Association canadienne des annonceurs\"},\"image\":{\"@id\":\"https:\/\/acaweb.ca\/fr\/#\/schema\/logo\/image\/\"}}]}<\/script>\n<!-- \/ Yoast SEO plugin. -->","yoast_head_json":{"title":"aca Archives - Association canadienne des annonceurs","robots":{"index":"index","follow":"follow","max-snippet":"max-snippet:-1","max-image-preview":"max-image-preview:large","max-video-preview":"max-video-preview:-1"},"canonical":"https:\/\/acaweb.ca\/fr\/tag\/aca\/","og_locale":"fr_CA","og_type":"article","og_title":"aca Archives - Association canadienne des annonceurs","og_url":"https:\/\/acaweb.ca\/fr\/tag\/aca\/","og_site_name":"Association canadienne des annonceurs","twitter_card":"summary_large_image","schema":{"@context":"https:\/\/schema.org","@graph":[{"@type":"CollectionPage","@id":"https:\/\/acaweb.ca\/fr\/tag\/aca\/","url":"https:\/\/acaweb.ca\/fr\/tag\/aca\/","name":"aca Archives - Association canadienne des annonceurs","isPartOf":{"@id":"https:\/\/acaweb.ca\/fr\/#website"},"breadcrumb":{"@id":"https:\/\/acaweb.ca\/fr\/tag\/aca\/#breadcrumb"},"inLanguage":"fr-CA"},{"@type":"BreadcrumbList","@id":"https:\/\/acaweb.ca\/fr\/tag\/aca\/#breadcrumb","itemListElement":[{"@type":"ListItem","position":1,"name":"Accueil","item":"https:\/\/acaweb.ca\/fr\/"},{"@type":"ListItem","position":2,"name":"aca"}]},{"@type":"WebSite","@id":"https:\/\/acaweb.ca\/fr\/#website","url":"https:\/\/acaweb.ca\/fr\/","name":"Association canadienne des annonceurs","description":"","publisher":{"@id":"https:\/\/acaweb.ca\/fr\/#organization"},"potentialAction":[{"@type":"SearchAction","target":{"@type":"EntryPoint","urlTemplate":"https:\/\/acaweb.ca\/fr\/?s={search_term_string}"},"query-input":{"@type":"PropertyValueSpecification","valueRequired":true,"valueName":"search_term_string"}}],"inLanguage":"fr-CA"},{"@type":"Organization","@id":"https:\/\/acaweb.ca\/fr\/#organization","name":"Association canadienne des annonceurs","url":"https:\/\/acaweb.ca\/fr\/","logo":{"@type":"ImageObject","inLanguage":"fr-CA","@id":"https:\/\/acaweb.ca\/fr\/#\/schema\/logo\/image\/","url":"https:\/\/acaweb.ca\/fr\/wp-content\/uploads\/sites\/3\/2017\/10\/cropped-ACA-FR-logo-colour.png","contentUrl":"https:\/\/acaweb.ca\/fr\/wp-content\/uploads\/sites\/3\/2017\/10\/cropped-ACA-FR-logo-colour.png","width":1595,"height":417,"caption":"Association canadienne des annonceurs"},"image":{"@id":"https:\/\/acaweb.ca\/fr\/#\/schema\/logo\/image\/"}}]}},"_links":{"self":[{"href":"https:\/\/acaweb.ca\/fr\/wp-json\/wp\/v2\/pages\/31"}],"collection":[{"href":"https:\/\/acaweb.ca\/fr\/wp-json\/wp\/v2\/pages"}],"about":[{"href":"https:\/\/acaweb.ca\/fr\/wp-json\/wp\/v2\/types\/page"}],"author":[{"embeddable":true,"href":"https:\/\/acaweb.ca\/fr\/wp-json\/wp\/v2\/users\/1"}],"replies":[{"embeddable":true,"href":"https:\/\/acaweb.ca\/fr\/wp-json\/wp\/v2\/comments?post=31"}],"version-history":[{"count":42,"href":"https:\/\/acaweb.ca\/fr\/wp-json\/wp\/v2\/pages\/31\/revisions"}],"predecessor-version":[{"id":7964,"href":"https:\/\/acaweb.ca\/fr\/wp-json\/wp\/v2\/pages\/31\/revisions\/7964"}],"up":[{"embeddable":true,"href":"https:\/\/acaweb.ca\/fr\/wp-json\/wp\/v2\/pages\/9"}],"wp:attachment":[{"href":"https:\/\/acaweb.ca\/fr\/wp-json\/wp\/v2\/media?parent=31"}],"curies":[{"name":"wp","href":"https:\/\/api.w.org\/{rel}","templated":true}]}}