{"id":2893,"date":"2017-11-20T15:51:11","date_gmt":"2017-11-20T20:51:11","guid":{"rendered":"http:\/\/www.acaweb.ca\/fr\/?page_id=2893"},"modified":"2017-11-20T15:51:11","modified_gmt":"2017-11-20T20:51:11","slug":"photos-forum-executif-dautomne-2017","status":"publish","type":"page","link":"https:\/\/acaweb.ca\/fr\/formation-et-evenements\/photos-forum-executif-dautomne-2017\/","title":{"rendered":"Photos du forum ex\u00e9cutif d&rsquo;automne 2017"},"content":{"rendered":"<p>L\u2019industrie s\u2019est r\u00e9unie au Corus Quay de Toronto, le 7 novembre dernier pour assister aux conf\u00e9rences de trois chefs de file qui s\u2019efforcent d\u2019apporter transparence et imputabilit\u00e9 \u00e0 la cha\u00eene d\u2019approvisionnement des m\u00e9dias num\u00e9riques.<\/p>\n<div class=\"gallery-container\">\n<ul id=\"gallery-viewer\" class=\"gallery-viewer\">\n<li class=\"gallery-photo\"><img loading=\"lazy\" decoding=\"async\" src=\"http:\/\/www.acaweb.ca\/fr\/wp-content\/uploads\/sites\/3\/2017\/11\/1-first-guests.jpg\" alt=\"Les premiers participants arrivent au Corus Quay\" width=\"145\" height=\"155\" class=\"alignnone size-full wp-image-2894\" \/>\n<p>Les premiers participants arrivent au Corus Quay<\/p>\n<\/li>\n<li class=\"gallery-photo\"><img loading=\"lazy\" decoding=\"async\" src=\"http:\/\/www.acaweb.ca\/fr\/wp-content\/uploads\/sites\/3\/2017\/11\/2-networking.jpg\" alt=\"Discussions autour du petit d\u00e9jeuner pr\u00e9c\u00e9dant l\u2019Assembl\u00e9e g\u00e9n\u00e9rale des membres de l\u2019ACA\" width=\"145\" height=\"155\" class=\"alignnone size-full wp-image-2895\" \/>\n<p>Discussions autour du petit d\u00e9jeuner pr\u00e9c\u00e9dant l\u2019Assembl\u00e9e g\u00e9n\u00e9rale des membres de l\u2019ACA<\/p>\n<\/li>\n<li class=\"gallery-photo\"><img loading=\"lazy\" decoding=\"async\" src=\"http:\/\/www.acaweb.ca\/fr\/wp-content\/uploads\/sites\/3\/2017\/11\/3-chat-over-breakfast.jpg\" alt=\"Le petit d\u00e9jeuner \u00e9tait commandit\u00e9 par le Globe and Mail\" width=\"145\" height=\"155\" class=\"alignnone size-full wp-image-2896\" \/>\n<p>Le petit d\u00e9jeuner \u00e9tait commandit\u00e9 par le Globe and Mail<\/p>\n<\/li>\n<li class=\"gallery-photo\"><img loading=\"lazy\" decoding=\"async\" src=\"http:\/\/www.acaweb.ca\/fr\/wp-content\/uploads\/sites\/3\/2017\/11\/4-breakfast-talk.jpg\" alt=\"L\u2019occasion \u00e9tait belle pour le r\u00e9seautage\" width=\"145\" height=\"155\" class=\"alignnone size-full wp-image-2897\" \/>\n<p>L\u2019occasion \u00e9tait belle pour le r\u00e9seautage<\/p>\n<\/li>\n<li class=\"gallery-photo\"><img loading=\"lazy\" decoding=\"async\" src=\"http:\/\/www.acaweb.ca\/fr\/wp-content\/uploads\/sites\/3\/2017\/11\/5-delegates-head-in.jpg\" alt=\"Les gens se d\u00e9placent vers le Forum ex\u00e9cutif\" width=\"145\" height=\"155\" class=\"alignnone size-full wp-image-2898\" \/>\n<p>Les gens se d\u00e9placent vers le Forum ex\u00e9cutif<\/p>\n<\/li>\n<li class=\"gallery-photo\"><img loading=\"lazy\" decoding=\"async\" src=\"http:\/\/www.acaweb.ca\/fr\/wp-content\/uploads\/sites\/3\/2017\/11\/6-RonandPatrickAGM.jpg\" alt=\"Le pr\u00e9sident, Ron Lund, et le pr\u00e9sident du conseil d\u2019administration, Patrick Dickinson, pr\u00e9sident \u00e0 l\u2019Assembl\u00e9e g\u00e9n\u00e9rale des membres de l\u2019ACA,\" width=\"145\" height=\"155\" class=\"alignnone size-full wp-image-2899\" \/>\n<p>Le pr\u00e9sident, Ron Lund, et le pr\u00e9sident du conseil d\u2019administration, Patrick Dickinson, pr\u00e9sident \u00e0 l\u2019Assembl\u00e9e g\u00e9n\u00e9rale des membres de l\u2019ACA<\/p>\n<\/li>\n<li class=\"gallery-photo\"><img loading=\"lazy\" decoding=\"async\" src=\"http:\/\/www.acaweb.ca\/fr\/wp-content\/uploads\/sites\/3\/2017\/11\/7-Chrismoderates.jpg\" alt=\"Chris Williams, vice-pr\u00e9sident, Marketing num\u00e9rique de l\u2019ACA anime le Forum.\" width=\"145\" height=\"155\" class=\"alignnone size-full wp-image-2900\" \/>\n<p>Chris Williams, vice-pr\u00e9sident, Marketing num\u00e9rique de l\u2019ACA anime le Forum.<\/p>\n<\/li>\n<li class=\"gallery-photo\"><img loading=\"lazy\" decoding=\"async\" src=\"http:\/\/www.acaweb.ca\/fr\/wp-content\/uploads\/sites\/3\/2017\/11\/8-Kint.jpg\" alt=\"Jason Kint chef de la direction, Digital Content Next s\u2019adresse \u00e0 l\u2019auditoire\" width=\"145\" height=\"155\" class=\"alignnone size-full wp-image-2901\" \/>\n<p>Jason Kint chef de la direction, Digital Content Next s\u2019adresse \u00e0 l\u2019auditoire<\/p>\n<\/li>\n<li class=\"gallery-photo\"><img loading=\"lazy\" decoding=\"async\" src=\"http:\/\/www.acaweb.ca\/fr\/wp-content\/uploads\/sites\/3\/2017\/11\/9-Brehl.jpg\" alt=\"Conf\u00e9rence de Joan Brehl, vice-pr\u00e9sidente et directrice g\u00e9n\u00e9rale, AAM Canada\" width=\"145\" height=\"155\" class=\"alignnone size-full wp-image-2902\" \/>\n<p>Conf\u00e9rence de Joan Brehl, vice-pr\u00e9sidente et directrice g\u00e9n\u00e9rale, AAM Canada<\/p>\n<\/li>\n<li class=\"gallery-photo\"><img loading=\"lazy\" decoding=\"async\" src=\"http:\/\/www.acaweb.ca\/fr\/wp-content\/uploads\/sites\/3\/2017\/11\/10-Ivie.jpg\" alt=\"George Ivie, chef de la direction, Media Rating Council, vient conclure\" width=\"145\" height=\"155\" class=\"alignnone size-full wp-image-2903\" \/>\n<p>George Ivie, chef de la direction, Media Rating Council, vient conclure<\/p>\n<\/li>\n<li class=\"gallery-photo\"><img loading=\"lazy\" decoding=\"async\" src=\"http:\/\/www.acaweb.ca\/fr\/wp-content\/uploads\/sites\/3\/2017\/11\/14-panel-2.jpg\" alt=\"11.\tLes trois conf\u00e9renciers r\u00e9pondent aux questions de l\u2019auditoire\" width=\"145\" height=\"155\" class=\"alignleft size-full wp-image-2907\" \/>\n<p>Les trois conf\u00e9renciers r\u00e9pondent aux questions de l\u2019auditoire<\/p>\n<\/li>\n<li class=\"gallery-photo\"><img loading=\"lazy\" decoding=\"async\" src=\"http:\/\/www.acaweb.ca\/fr\/wp-content\/uploads\/sites\/3\/2017\/11\/11-Panel.jpg\" alt=\"Les membres de l\u2019auditoire r\u00e9pondent \u00e0 un bref sondage par texto\" width=\"145\" height=\"155\" class=\"alignnone size-full wp-image-2904\" \/>\n<p>Les membres de l\u2019auditoire r\u00e9pondent \u00e0 un bref sondage par texto<\/p>\n<\/li>\n<li class=\"gallery-photo\"><img loading=\"lazy\" decoding=\"async\" src=\"http:\/\/www.acaweb.ca\/fr\/wp-content\/uploads\/sites\/3\/2017\/11\/13-Fergal.jpg\" alt=\"Feargal Connor, chef de la direction, Mediaoptimise pose une question\" width=\"145\" height=\"155\" class=\"alignnone size-full wp-image-2906\" \/>\n<p>Feargal Connor, CEO Mediaoptimise, asks a question<\/p>\n<\/li>\n<li class=\"gallery-photo\"><img loading=\"lazy\" decoding=\"async\" src=\"http:\/\/www.acaweb.ca\/fr\/wp-content\/uploads\/sites\/3\/2017\/11\/12-audiencepoll.jpg\" alt=\"Les membres de l\u2019auditoire r\u00e9pondent \u00e0 un bref sondage par texto\" width=\"145\" height=\"155\" class=\"alignnone size-full wp-image-2905\" \/>\n<p>Les membres de l\u2019auditoire r\u00e9pondent \u00e0 un bref sondage par texto<\/p>\n<\/li>\n<li class=\"gallery-photo\"><img loading=\"lazy\" decoding=\"async\" src=\"http:\/\/www.acaweb.ca\/fr\/wp-content\/uploads\/sites\/3\/2017\/11\/15-NickDrew.jpg\" alt=\"Nick Drew, chef de la direction, Fuse Insights, s\u2019adresse aux conf\u00e9renciers\" width=\"145\" height=\"155\" class=\"alignnone size-full wp-image-2908\" \/>\n<p>Nick Drew, chef de la direction, Fuse Insights, s\u2019adresse aux conf\u00e9renciers<\/p>\n<\/li>\n<li class=\"gallery-photo\"><img loading=\"lazy\" decoding=\"async\" src=\"http:\/\/www.acaweb.ca\/fr\/wp-content\/uploads\/sites\/3\/2017\/11\/16-sponsor-sign.jpg\" alt=\"Un grand merci \u00e0 nos partenaires strat\u00e9giques et \u00e0 nos commanditaires\" width=\"145\" height=\"155\" class=\"alignnone size-full wp-image-2909\" \/>\n<p>Un grand merci \u00e0 nos partenaires strat\u00e9giques et \u00e0 nos commanditaires<\/p>\n<\/li>\n<\/ul>\n<\/div>\n","protected":false},"excerpt":{"rendered":"<p>L\u2019industrie s\u2019est r\u00e9unie au Corus Quay de Toronto, le 7 novembre dernier pour assister aux conf\u00e9rences de trois chefs de file qui s\u2019efforcent d\u2019apporter transparence et imputabilit\u00e9 \u00e0 la cha\u00eene d\u2019approvisionnement des m\u00e9dias num\u00e9riques. Les premiers participants arrivent au Corus Quay Discussions autour du petit d\u00e9jeuner pr\u00e9c\u00e9dant l\u2019Assembl\u00e9e g\u00e9n\u00e9rale des membres de l\u2019ACA Le petit [&hellip;]<\/p>\n","protected":false},"author":1,"featured_media":0,"parent":337,"menu_order":0,"comment_status":"closed","ping_status":"closed","template":"gallery.php","meta":{"_acf_changed":false,"content-type":"","footnotes":""},"acf":[],"yoast_head":"<!-- This site is optimized with the Yoast SEO plugin v23.4 - https:\/\/yoast.com\/wordpress\/plugins\/seo\/ -->\n<title>Association canadienne des annonceurs<\/title>\n<meta name=\"robots\" content=\"index, follow, max-snippet:-1, max-image-preview:large, max-video-preview:-1\" \/>\n<meta property=\"og:locale\" content=\"fr_CA\" \/>\n<meta property=\"og:type\" content=\"article\" \/>\n<meta property=\"og:site_name\" content=\"Association canadienne des annonceurs\" \/>\n<meta name=\"twitter:card\" content=\"summary_large_image\" \/>\n<script type=\"application\/ld+json\" class=\"yoast-schema-graph\">{\"@context\":\"https:\/\/schema.org\",\"@graph\":[{\"@type\":\"CollectionPage\",\"@id\":null,\"url\":\"\",\"name\":\"\",\"isPartOf\":{\"@id\":\"https:\/\/acaweb.ca\/fr\/#website\"},\"inLanguage\":\"fr-CA\"},{\"@type\":\"WebSite\",\"@id\":\"https:\/\/acaweb.ca\/fr\/#website\",\"url\":\"https:\/\/acaweb.ca\/fr\/\",\"name\":\"Association canadienne des annonceurs\",\"description\":\"\",\"publisher\":{\"@id\":\"https:\/\/acaweb.ca\/fr\/#organization\"},\"potentialAction\":[{\"@type\":\"SearchAction\",\"target\":{\"@type\":\"EntryPoint\",\"urlTemplate\":\"https:\/\/acaweb.ca\/fr\/?s={search_term_string}\"},\"query-input\":{\"@type\":\"PropertyValueSpecification\",\"valueRequired\":true,\"valueName\":\"search_term_string\"}}],\"inLanguage\":\"fr-CA\"},{\"@type\":\"Organization\",\"@id\":\"https:\/\/acaweb.ca\/fr\/#organization\",\"name\":\"Association canadienne des annonceurs\",\"url\":\"https:\/\/acaweb.ca\/fr\/\",\"logo\":{\"@type\":\"ImageObject\",\"inLanguage\":\"fr-CA\",\"@id\":\"https:\/\/acaweb.ca\/fr\/#\/schema\/logo\/image\/\",\"url\":\"https:\/\/acaweb.ca\/fr\/wp-content\/uploads\/sites\/3\/2017\/10\/cropped-ACA-FR-logo-colour.png\",\"contentUrl\":\"https:\/\/acaweb.ca\/fr\/wp-content\/uploads\/sites\/3\/2017\/10\/cropped-ACA-FR-logo-colour.png\",\"width\":1595,\"height\":417,\"caption\":\"Association canadienne des annonceurs\"},\"image\":{\"@id\":\"https:\/\/acaweb.ca\/fr\/#\/schema\/logo\/image\/\"}}]}<\/script>\n<!-- \/ Yoast SEO plugin. -->","yoast_head_json":{"title":"Association canadienne des annonceurs","robots":{"index":"index","follow":"follow","max-snippet":"max-snippet:-1","max-image-preview":"max-image-preview:large","max-video-preview":"max-video-preview:-1"},"og_locale":"fr_CA","og_type":"article","og_site_name":"Association canadienne des annonceurs","twitter_card":"summary_large_image","schema":{"@context":"https:\/\/schema.org","@graph":[{"@type":"CollectionPage","@id":null,"url":"","name":"","isPartOf":{"@id":"https:\/\/acaweb.ca\/fr\/#website"},"inLanguage":"fr-CA"},{"@type":"WebSite","@id":"https:\/\/acaweb.ca\/fr\/#website","url":"https:\/\/acaweb.ca\/fr\/","name":"Association canadienne des annonceurs","description":"","publisher":{"@id":"https:\/\/acaweb.ca\/fr\/#organization"},"potentialAction":[{"@type":"SearchAction","target":{"@type":"EntryPoint","urlTemplate":"https:\/\/acaweb.ca\/fr\/?s={search_term_string}"},"query-input":{"@type":"PropertyValueSpecification","valueRequired":true,"valueName":"search_term_string"}}],"inLanguage":"fr-CA"},{"@type":"Organization","@id":"https:\/\/acaweb.ca\/fr\/#organization","name":"Association canadienne des annonceurs","url":"https:\/\/acaweb.ca\/fr\/","logo":{"@type":"ImageObject","inLanguage":"fr-CA","@id":"https:\/\/acaweb.ca\/fr\/#\/schema\/logo\/image\/","url":"https:\/\/acaweb.ca\/fr\/wp-content\/uploads\/sites\/3\/2017\/10\/cropped-ACA-FR-logo-colour.png","contentUrl":"https:\/\/acaweb.ca\/fr\/wp-content\/uploads\/sites\/3\/2017\/10\/cropped-ACA-FR-logo-colour.png","width":1595,"height":417,"caption":"Association canadienne des annonceurs"},"image":{"@id":"https:\/\/acaweb.ca\/fr\/#\/schema\/logo\/image\/"}}]}},"_links":{"self":[{"href":"https:\/\/acaweb.ca\/fr\/wp-json\/wp\/v2\/pages\/2893"}],"collection":[{"href":"https:\/\/acaweb.ca\/fr\/wp-json\/wp\/v2\/pages"}],"about":[{"href":"https:\/\/acaweb.ca\/fr\/wp-json\/wp\/v2\/types\/page"}],"author":[{"embeddable":true,"href":"https:\/\/acaweb.ca\/fr\/wp-json\/wp\/v2\/users\/1"}],"replies":[{"embeddable":true,"href":"https:\/\/acaweb.ca\/fr\/wp-json\/wp\/v2\/comments?post=2893"}],"version-history":[{"count":0,"href":"https:\/\/acaweb.ca\/fr\/wp-json\/wp\/v2\/pages\/2893\/revisions"}],"up":[{"embeddable":true,"href":"https:\/\/acaweb.ca\/fr\/wp-json\/wp\/v2\/pages\/337"}],"wp:attachment":[{"href":"https:\/\/acaweb.ca\/fr\/wp-json\/wp\/v2\/media?parent=2893"}],"curies":[{"name":"wp","href":"https:\/\/api.w.org\/{rel}","templated":true}]}}