{"id":2846,"date":"2017-11-10T14:24:54","date_gmt":"2017-11-10T19:24:54","guid":{"rendered":"http:\/\/www.acaweb.ca\/fr\/?page_id=2846"},"modified":"2017-12-06T11:40:26","modified_gmt":"2017-12-06T16:40:26","slug":"cinq-nouveaux-membres-elus-au-conseil-dadministration-de-laca","status":"publish","type":"page","link":"https:\/\/acaweb.ca\/fr\/a-propos-de-nous\/ressources-pour-les-medias\/cinq-nouveaux-membres-elus-au-conseil-dadministration-de-laca\/","title":{"rendered":"Cinq nouveaux membres \u00e9lus au conseil d\u2019administration de l\u2019ACA"},"content":{"rendered":"<h2>Le conseil d\u2019administration de l\u2019ACA s\u2019enrichit de chefs de file marketing venant de Labatt, Loblaw, L\u2019Or\u00e9al, Samsung et WestJet<\/h2>\n<p><strong>Toronto, 9 novembre 2017 : <\/strong> Cinq nouveaux membres ont \u00e9t\u00e9 \u00e9lus aujourd\u2019hui au conseil d\u2019administration de l\u2019Association canadienne des annonceurs (ACA) pour la p\u00e9riode 2017-2019.<\/p>\n<p>Le conseil de l\u2019ACA accueille donc : <\/p>\n<ul>\n<li>Todd Allen, v.-p. Marketing, Brasserie Labatt du Canada \u2013 AB InBev<\/li>\n<li>Richard Bartrem, v.-p. Communications et relations avec la communaut\u00e9, WestJet<\/li>\n<li>St\u00e9phanie Binette, Chief Marketing Officer, L\u2019Or\u00e9al Canada<\/li>\n<li>Wes Brown, v-p. Gestion de la marque \u2013 d\u00e9tail, les compagnies Loblaw lt\u00e9e.<\/li>\n<li>Mark Childs, chef de la marque et de la citoyennet\u00e9 corporative, Samsung Electronics Canada<\/li>\n<\/ul>\n<p>Ces nouveaux membres se joignent aux <a href=\"http:\/\/www.acaweb.ca\/fr\/a-propos-de-nous\/conseil\/\">membres actuels du CA<\/a> : <\/p>\n<ul>\n<li>Patrick Dickinson, <strong>pr\u00e9sident du conseil<\/strong>, v.-p. principal, Marketing et strat\u00e9gie de marque, Compagnie de la baie d\u2019Hudson<\/li>\n<li>Daniel Alter, directeur principal du marketing, Unilever<\/li>\n<li>Moya Brown, v.-p. Strat\u00e9gie de marque, contenu et exp\u00e9rience client, IGM Financial<\/li>\n<li>Tracey Cooke, v-p. Communication et excellence en Marketing, Nestl\u00e9 Canada<\/li>\n<li>Jennifer Davidson, v.-p. Communications marketing, CIBC<\/li>\n<li>D\u2019Arcy Finley, v-p. Marketing, Aliments Maple Leaf<\/li>\n<li>Jamie Humphries, directeur du Marketing, Toyota Canada<\/li>\n<li>Simone Lumsden, v.-p. Marketing de la marque et de l\u2019exp\u00e9rience client, TELUS<\/li>\n<li>Kathryn Matheson, v.-p. Marketing de la marque, Pepsico Foods Canada<\/li>\n<li>Ronald S. Lund, pr\u00e9sident et chef de la direction, Association canadienne des annonceurs<\/li>\n<\/ul>\n<p>\u00ab Nous sommes tr\u00e8s heureux de voir ces nouvelles recrues se joindre \u00e0 notre conseil d&rsquo;administration. Ce sont tous des chefs de file et des leaders d&rsquo;opinion pour l&rsquo;ensemble de l&rsquo;industrie \u00bb, affirme Ron Lund, pr\u00e9sident et chef de la direction de l&rsquo;ACA. \u00ab Leur grande comp\u00e9tence et leur savoir nous permettront de continuer d&rsquo;aider nos membres \u00e0 am\u00e9liorer leur marketing. \u00bb <\/p>\n","protected":false},"excerpt":{"rendered":"<p>Le CA de l\u2019ACA s\u2019enrichit de chefs de file marketing venant de Labatt, Loblaw, L\u2019Or\u00e9al, Samsung et WestJet.<\/p>\n","protected":false},"author":1,"featured_media":0,"parent":52,"menu_order":0,"comment_status":"closed","ping_status":"closed","template":"","meta":{"_acf_changed":false,"content-type":"","footnotes":""},"acf":[],"yoast_head":"<!-- This site is optimized with the Yoast SEO plugin v23.4 - https:\/\/yoast.com\/wordpress\/plugins\/seo\/ -->\n<title>Association canadienne des annonceurs<\/title>\n<meta name=\"robots\" content=\"index, follow, max-snippet:-1, max-image-preview:large, max-video-preview:-1\" \/>\n<meta property=\"og:locale\" content=\"fr_CA\" \/>\n<meta property=\"og:type\" content=\"article\" \/>\n<meta property=\"og:site_name\" content=\"Association canadienne des annonceurs\" \/>\n<meta name=\"twitter:card\" content=\"summary_large_image\" \/>\n<script type=\"application\/ld+json\" class=\"yoast-schema-graph\">{\"@context\":\"https:\/\/schema.org\",\"@graph\":[{\"@type\":\"CollectionPage\",\"@id\":null,\"url\":\"\",\"name\":\"\",\"isPartOf\":{\"@id\":\"https:\/\/acaweb.ca\/fr\/#website\"},\"inLanguage\":\"fr-CA\"},{\"@type\":\"WebSite\",\"@id\":\"https:\/\/acaweb.ca\/fr\/#website\",\"url\":\"https:\/\/acaweb.ca\/fr\/\",\"name\":\"Association canadienne des annonceurs\",\"description\":\"\",\"publisher\":{\"@id\":\"https:\/\/acaweb.ca\/fr\/#organization\"},\"potentialAction\":[{\"@type\":\"SearchAction\",\"target\":{\"@type\":\"EntryPoint\",\"urlTemplate\":\"https:\/\/acaweb.ca\/fr\/?s={search_term_string}\"},\"query-input\":{\"@type\":\"PropertyValueSpecification\",\"valueRequired\":true,\"valueName\":\"search_term_string\"}}],\"inLanguage\":\"fr-CA\"},{\"@type\":\"Organization\",\"@id\":\"https:\/\/acaweb.ca\/fr\/#organization\",\"name\":\"Association canadienne des annonceurs\",\"url\":\"https:\/\/acaweb.ca\/fr\/\",\"logo\":{\"@type\":\"ImageObject\",\"inLanguage\":\"fr-CA\",\"@id\":\"https:\/\/acaweb.ca\/fr\/#\/schema\/logo\/image\/\",\"url\":\"https:\/\/acaweb.ca\/fr\/wp-content\/uploads\/sites\/3\/2017\/10\/cropped-ACA-FR-logo-colour.png\",\"contentUrl\":\"https:\/\/acaweb.ca\/fr\/wp-content\/uploads\/sites\/3\/2017\/10\/cropped-ACA-FR-logo-colour.png\",\"width\":1595,\"height\":417,\"caption\":\"Association canadienne des annonceurs\"},\"image\":{\"@id\":\"https:\/\/acaweb.ca\/fr\/#\/schema\/logo\/image\/\"}}]}<\/script>\n<!-- \/ Yoast SEO plugin. -->","yoast_head_json":{"title":"Association canadienne des annonceurs","robots":{"index":"index","follow":"follow","max-snippet":"max-snippet:-1","max-image-preview":"max-image-preview:large","max-video-preview":"max-video-preview:-1"},"og_locale":"fr_CA","og_type":"article","og_site_name":"Association canadienne des annonceurs","twitter_card":"summary_large_image","schema":{"@context":"https:\/\/schema.org","@graph":[{"@type":"CollectionPage","@id":null,"url":"","name":"","isPartOf":{"@id":"https:\/\/acaweb.ca\/fr\/#website"},"inLanguage":"fr-CA"},{"@type":"WebSite","@id":"https:\/\/acaweb.ca\/fr\/#website","url":"https:\/\/acaweb.ca\/fr\/","name":"Association canadienne des annonceurs","description":"","publisher":{"@id":"https:\/\/acaweb.ca\/fr\/#organization"},"potentialAction":[{"@type":"SearchAction","target":{"@type":"EntryPoint","urlTemplate":"https:\/\/acaweb.ca\/fr\/?s={search_term_string}"},"query-input":{"@type":"PropertyValueSpecification","valueRequired":true,"valueName":"search_term_string"}}],"inLanguage":"fr-CA"},{"@type":"Organization","@id":"https:\/\/acaweb.ca\/fr\/#organization","name":"Association canadienne des annonceurs","url":"https:\/\/acaweb.ca\/fr\/","logo":{"@type":"ImageObject","inLanguage":"fr-CA","@id":"https:\/\/acaweb.ca\/fr\/#\/schema\/logo\/image\/","url":"https:\/\/acaweb.ca\/fr\/wp-content\/uploads\/sites\/3\/2017\/10\/cropped-ACA-FR-logo-colour.png","contentUrl":"https:\/\/acaweb.ca\/fr\/wp-content\/uploads\/sites\/3\/2017\/10\/cropped-ACA-FR-logo-colour.png","width":1595,"height":417,"caption":"Association canadienne des annonceurs"},"image":{"@id":"https:\/\/acaweb.ca\/fr\/#\/schema\/logo\/image\/"}}]}},"_links":{"self":[{"href":"https:\/\/acaweb.ca\/fr\/wp-json\/wp\/v2\/pages\/2846"}],"collection":[{"href":"https:\/\/acaweb.ca\/fr\/wp-json\/wp\/v2\/pages"}],"about":[{"href":"https:\/\/acaweb.ca\/fr\/wp-json\/wp\/v2\/types\/page"}],"author":[{"embeddable":true,"href":"https:\/\/acaweb.ca\/fr\/wp-json\/wp\/v2\/users\/1"}],"replies":[{"embeddable":true,"href":"https:\/\/acaweb.ca\/fr\/wp-json\/wp\/v2\/comments?post=2846"}],"version-history":[{"count":0,"href":"https:\/\/acaweb.ca\/fr\/wp-json\/wp\/v2\/pages\/2846\/revisions"}],"up":[{"embeddable":true,"href":"https:\/\/acaweb.ca\/fr\/wp-json\/wp\/v2\/pages\/52"}],"wp:attachment":[{"href":"https:\/\/acaweb.ca\/fr\/wp-json\/wp\/v2\/media?parent=2846"}],"curies":[{"name":"wp","href":"https:\/\/api.w.org\/{rel}","templated":true}]}}