{"id":2786,"date":"2017-08-05T13:40:49","date_gmt":"2017-08-05T17:40:49","guid":{"rendered":"http:\/\/www.acaweb.ca\/fr\/?page_id=2786"},"modified":"2024-08-20T12:37:04","modified_gmt":"2024-08-20T16:37:04","slug":"negotiations-entente-publicite-tele-radio-uda","status":"publish","type":"page","link":"https:\/\/acaweb.ca\/fr\/leadership\/initiatives-actuelles\/negotiations-entente-publicite-tele-radio-uda\/","title":{"rendered":"N\u00e9gociations de l\u2019entente sur la publicit\u00e9 t\u00e9l\u00e9 et radio avec l\u2019UDA"},"content":{"rendered":"<h2><strong>N\u00e9gociations avec l&rsquo;UDA et priorit\u00e9s de l&rsquo;ACA<\/strong><\/h2>\n<p>L\u2019ACA n\u00e9gocie au nom des annonceurs canadiens les ententes avec l\u2019Union des artistes (UDA) sur la publicit\u00e9 t\u00e9l\u00e9 et radio, et <a href=\"http:\/\/www.acaweb.ca\/fr\/leadership\/etudes-de-cas\/\">l&rsquo;Internet et les nouveaux m\u00e9dias<\/a>. L\u2019UDA repr\u00e9sente tous les artistes engag\u00e9s pour la production de publicit\u00e9s de langue fran\u00e7aise destin\u00e9es au march\u00e9 canadien, peu importe leur lieu de production.<\/p>\n<p>Apr\u00e8s des ann\u00e9es de n\u00e9gociations entre les producteurs conjoints (ACA, A2C et ICA) et l\u2019UDA, nous sommes heureux d\u2019annoncer que l\u2019accord fusionnant les ententes Radio et T\u00e9l\u00e9vision et Internet et Nouveaux M\u00e9dias (INM) est maintenant finalis\u00e9e et sign\u00e9e.<\/p>\n<p>L\u2019accord est entr\u00e9 en vigueur le 1er avril 2024.<\/p>\n<p><img loading=\"lazy\" decoding=\"async\" class=\"alignleft size-full wp-image-3417\" style=\"margin-right: 1em; border: none;\" src=\"http:\/\/www.acaweb.ca\/en\/wp-content\/uploads\/sites\/2\/2018\/02\/key-green-whitesp.png\" alt=\"members only\" width=\"30\" height=\"15\" \/><em>Ce symbole signifie que vous devez \u00eatre membre de l\u2019ACA pour acc\u00e9der \u00e0 ce contenu<\/em><\/p>\n<p>&nbsp;<\/p>\n<h3><strong>Info-annonceurs<\/strong><\/h3>\n<p>(28 mars 2024) <a class=\"\" href=\"https:\/\/imis.acaweb.ca\/aca\/acafr\/portail\/Sign_In.aspx?returnurl=\/aca\/Custom\/Relay.aspx?nextUrl=https:\/\/acaweb.ca\/fr\/wp-json\/wp\/v2\/pages\/2786?login=true\">Entr\u00e9e en vigueur d\u2019une nouvelle entente entre l\u2019industrie et l\u2019union des artistes \u00e0 partir du 1 avril 2024<\/a><img loading=\"lazy\" decoding=\"async\" class=\"size-full wp-image-3417 alignnone\" style=\"margin-left: 1em; border: none;\" src=\"http:\/\/www.acaweb.ca\/en\/wp-content\/uploads\/sites\/2\/2018\/02\/key-green-whitesp.png\" alt=\"members only\" width=\"30\" height=\"15\" \/><br \/>\n(11 d\u00e9cembre 2023) <a class=\"\" href=\"https:\/\/imis.acaweb.ca\/aca\/acafr\/portail\/Sign_In.aspx?returnurl=\/aca\/Custom\/Relay.aspx?nextUrl=https:\/\/acaweb.ca\/fr\/wp-json\/wp\/v2\/pages\/2786?login=true\">Accord conclu entre l\u2019industrie et l\u2019union des artistes<\/a><img loading=\"lazy\" decoding=\"async\" class=\"size-full wp-image-3417 alignnone\" style=\"margin-left: 1em; border: none;\" src=\"http:\/\/www.acaweb.ca\/en\/wp-content\/uploads\/sites\/2\/2018\/02\/key-green-whitesp.png\" alt=\"members only\" width=\"30\" height=\"15\" \/><br \/>\n(6 mai 2022) <a class=\"\" href=\"https:\/\/imis.acaweb.ca\/aca\/acafr\/portail\/Sign_In.aspx?returnurl=\/aca\/Custom\/Relay.aspx?nextUrl=https:\/\/acaweb.ca\/fr\/wp-json\/wp\/v2\/pages\/2786?login=true\">Mise \u00e0 jour : n\u00e9gociations ententes UDA<\/a><img loading=\"lazy\" decoding=\"async\" class=\"size-full wp-image-3417 alignnone\" style=\"margin-left: 1em; border: none;\" src=\"http:\/\/www.acaweb.ca\/en\/wp-content\/uploads\/sites\/2\/2018\/02\/key-green-whitesp.png\" alt=\"members only\" width=\"30\" height=\"15\" \/><br \/>\n(9 avril 2020) <a class=\"\" href=\"https:\/\/imis.acaweb.ca\/aca\/acafr\/portail\/Sign_In.aspx?returnurl=\/aca\/Custom\/Relay.aspx?nextUrl=https:\/\/acaweb.ca\/fr\/wp-json\/wp\/v2\/pages\/2786?login=true\">Entente entre l\u2019Union des artistes (UDA) et l\u2019Association des producteurs conjoints (APC) en lien avec la pand\u00e9mie de COVID-19<\/a><img loading=\"lazy\" decoding=\"async\" class=\"size-full wp-image-3417 alignnone\" style=\"margin-left: 1em; border: none;\" src=\"http:\/\/www.acaweb.ca\/en\/wp-content\/uploads\/sites\/2\/2018\/02\/key-green-whitesp.png\" alt=\"members only\" width=\"30\" height=\"15\" \/><br \/>\n(20 janvier 2020) <a class=\"\" href=\"https:\/\/imis.acaweb.ca\/aca\/acafr\/portail\/Sign_In.aspx?returnurl=\/aca\/Custom\/Relay.aspx?nextUrl=https:\/\/acaweb.ca\/fr\/wp-json\/wp\/v2\/pages\/2786?login=true\">Mise \u00e0 jour sur les n\u00e9gociations sur les ententes t\u00e9l\u00e9\/radio et INM<\/a><img loading=\"lazy\" decoding=\"async\" class=\"size-full wp-image-3417 alignnone\" style=\"margin-left: 1em; border: none;\" src=\"http:\/\/www.acaweb.ca\/en\/wp-content\/uploads\/sites\/2\/2018\/02\/key-green-whitesp.png\" alt=\"members only\" width=\"30\" height=\"15\" \/><br \/>\n(15 mars 2019) <a class=\"\" href=\"https:\/\/imis.acaweb.ca\/aca\/acafr\/portail\/Sign_In.aspx?returnurl=\/aca\/Custom\/Relay.aspx?nextUrl=https:\/\/acaweb.ca\/fr\/wp-json\/wp\/v2\/pages\/2786?login=true\">N\u00e9gociation de l\u2019entente collective pour la production d\u2019annonces publicitaires TV-radio entre l\u2019UDA et l\u2019APC <\/a><img loading=\"lazy\" decoding=\"async\" class=\"size-full wp-image-3417 alignnone\" style=\"margin-left: 1em; border: none;\" src=\"http:\/\/www.acaweb.ca\/en\/wp-content\/uploads\/sites\/2\/2018\/02\/key-green-whitesp.png\" alt=\"members only\" width=\"30\" height=\"15\" \/><br \/>\n(23 juillet 2017) <a class=\"\" href=\"https:\/\/imis.acaweb.ca\/aca\/acafr\/portail\/Sign_In.aspx?returnurl=\/aca\/Custom\/Relay.aspx?nextUrl=https:\/\/acaweb.ca\/fr\/wp-json\/wp\/v2\/pages\/2786?login=true\">Les n\u00e9gociations entre les l\u2019Association des producteurs conjoints et l\u2019Union des artistes sont interrompues<\/a><img loading=\"lazy\" decoding=\"async\" class=\"size-full wp-image-3417 alignnone\" style=\"margin-left: 1em; border: none;\" src=\"http:\/\/www.acaweb.ca\/en\/wp-content\/uploads\/sites\/2\/2018\/02\/key-green-whitesp.png\" alt=\"members only\" width=\"30\" height=\"15\" \/><br \/>\n(13 juin 2017) <a class=\"\" href=\"https:\/\/imis.acaweb.ca\/aca\/acafr\/portail\/Sign_In.aspx?returnurl=\/aca\/Custom\/Relay.aspx?nextUrl=https:\/\/acaweb.ca\/fr\/wp-json\/wp\/v2\/pages\/2786?login=true\">L\u2019UDA renonce \u00e0 ses moyens de pression au moins jusqu\u2019au 22 juin<\/a><img loading=\"lazy\" decoding=\"async\" class=\"size-full wp-image-3417 alignnone\" style=\"margin-left: 1em; border: none;\" src=\"http:\/\/www.acaweb.ca\/en\/wp-content\/uploads\/sites\/2\/2018\/02\/key-green-whitesp.png\" alt=\"members only\" width=\"30\" height=\"15\" \/><br \/>\n(7 juin 2017) <a class=\"\" href=\"https:\/\/imis.acaweb.ca\/aca\/acafr\/portail\/Sign_In.aspx?returnurl=\/aca\/Custom\/Relay.aspx?nextUrl=https:\/\/acaweb.ca\/fr\/wp-json\/wp\/v2\/pages\/2786?login=true\">L\u2019UDA brandit la menace des moyens de pression<\/a><img loading=\"lazy\" decoding=\"async\" class=\"size-full wp-image-3417 alignnone\" style=\"margin-left: 1em; border: none;\" src=\"http:\/\/www.acaweb.ca\/en\/wp-content\/uploads\/sites\/2\/2018\/02\/key-green-whitesp.png\" alt=\"members only\" width=\"30\" height=\"15\" \/><br \/>\n(22 mai 2017) <a class=\"\" href=\"https:\/\/imis.acaweb.ca\/aca\/acafr\/portail\/Sign_In.aspx?returnurl=\/aca\/Custom\/Relay.aspx?nextUrl=https:\/\/acaweb.ca\/fr\/wp-json\/wp\/v2\/pages\/2786?login=true\">L\u2019UDA mobilise ses troupes<\/a><img loading=\"lazy\" decoding=\"async\" class=\"size-full wp-image-3417 alignnone\" style=\"margin-left: 1em; border: none;\" src=\"http:\/\/www.acaweb.ca\/en\/wp-content\/uploads\/sites\/2\/2018\/02\/key-green-whitesp.png\" alt=\"members only\" width=\"30\" height=\"15\" \/><br \/>\n(4 mai 2017) <a class=\"\" href=\"https:\/\/imis.acaweb.ca\/aca\/acafr\/portail\/Sign_In.aspx?returnurl=\/aca\/Custom\/Relay.aspx?nextUrl=https:\/\/acaweb.ca\/fr\/wp-json\/wp\/v2\/pages\/2786?login=true\">Les n\u00e9gociations avec l\u2019UDA : la m\u00e9diation suit son cours<\/a><img loading=\"lazy\" decoding=\"async\" class=\"size-full wp-image-3417 alignnone\" style=\"margin-left: 1em; border: none;\" src=\"http:\/\/www.acaweb.ca\/en\/wp-content\/uploads\/sites\/2\/2018\/02\/key-green-whitesp.png\" alt=\"members only\" width=\"30\" height=\"15\" \/><\/p>\n<p>&nbsp;<\/p>\n<h3><strong>Plus d\u2019information<\/strong><\/h3>\n<p>Consultez <a href=\"http:\/\/www.acaweb.ca\/fr\/resource\/uda-entente-sur-la-publicite-tele-et-radio\/\">l\u2019entente<\/a> avec l\u2019Union des artistes sur la publicit\u00e9 radio et t\u00e9l\u00e9<\/p>\n","protected":false},"excerpt":{"rendered":"<p>N\u00e9gociations avec l&rsquo;UDA et priorit\u00e9s de l&rsquo;ACA L\u2019ACA n\u00e9gocie au nom des annonceurs canadiens les ententes avec l\u2019Union des artistes (UDA) sur la publicit\u00e9 t\u00e9l\u00e9 et radio, et l&rsquo;Internet et les nouveaux m\u00e9dias. L\u2019UDA repr\u00e9sente tous les artistes engag\u00e9s pour la production de publicit\u00e9s de langue fran\u00e7aise destin\u00e9es au march\u00e9 canadien, peu importe leur lieu [&hellip;]<\/p>\n","protected":false},"author":1,"featured_media":7294,"parent":340,"menu_order":4,"comment_status":"closed","ping_status":"closed","template":"leadership-grandchild.php","meta":{"_acf_changed":false,"content-type":"","footnotes":""},"acf":[],"yoast_head":"<!-- This site is optimized with the Yoast SEO plugin v23.4 - https:\/\/yoast.com\/wordpress\/plugins\/seo\/ -->\n<title>Association canadienne des annonceurs<\/title>\n<meta name=\"robots\" content=\"index, follow, max-snippet:-1, max-image-preview:large, max-video-preview:-1\" \/>\n<meta property=\"og:locale\" content=\"fr_CA\" \/>\n<meta property=\"og:type\" content=\"article\" \/>\n<meta property=\"og:site_name\" content=\"Association canadienne des annonceurs\" \/>\n<meta name=\"twitter:card\" content=\"summary_large_image\" \/>\n<script type=\"application\/ld+json\" class=\"yoast-schema-graph\">{\"@context\":\"https:\/\/schema.org\",\"@graph\":[{\"@type\":\"CollectionPage\",\"@id\":null,\"url\":\"\",\"name\":\"\",\"isPartOf\":{\"@id\":\"https:\/\/acaweb.ca\/fr\/#website\"},\"inLanguage\":\"fr-CA\"},{\"@type\":\"WebSite\",\"@id\":\"https:\/\/acaweb.ca\/fr\/#website\",\"url\":\"https:\/\/acaweb.ca\/fr\/\",\"name\":\"Association canadienne des annonceurs\",\"description\":\"\",\"publisher\":{\"@id\":\"https:\/\/acaweb.ca\/fr\/#organization\"},\"potentialAction\":[{\"@type\":\"SearchAction\",\"target\":{\"@type\":\"EntryPoint\",\"urlTemplate\":\"https:\/\/acaweb.ca\/fr\/?s={search_term_string}\"},\"query-input\":{\"@type\":\"PropertyValueSpecification\",\"valueRequired\":true,\"valueName\":\"search_term_string\"}}],\"inLanguage\":\"fr-CA\"},{\"@type\":\"Organization\",\"@id\":\"https:\/\/acaweb.ca\/fr\/#organization\",\"name\":\"Association canadienne des annonceurs\",\"url\":\"https:\/\/acaweb.ca\/fr\/\",\"logo\":{\"@type\":\"ImageObject\",\"inLanguage\":\"fr-CA\",\"@id\":\"https:\/\/acaweb.ca\/fr\/#\/schema\/logo\/image\/\",\"url\":\"https:\/\/acaweb.ca\/fr\/wp-content\/uploads\/sites\/3\/2017\/10\/cropped-ACA-FR-logo-colour.png\",\"contentUrl\":\"https:\/\/acaweb.ca\/fr\/wp-content\/uploads\/sites\/3\/2017\/10\/cropped-ACA-FR-logo-colour.png\",\"width\":1595,\"height\":417,\"caption\":\"Association canadienne des annonceurs\"},\"image\":{\"@id\":\"https:\/\/acaweb.ca\/fr\/#\/schema\/logo\/image\/\"}}]}<\/script>\n<!-- \/ Yoast SEO plugin. -->","yoast_head_json":{"title":"Association canadienne des annonceurs","robots":{"index":"index","follow":"follow","max-snippet":"max-snippet:-1","max-image-preview":"max-image-preview:large","max-video-preview":"max-video-preview:-1"},"og_locale":"fr_CA","og_type":"article","og_site_name":"Association canadienne des annonceurs","twitter_card":"summary_large_image","schema":{"@context":"https:\/\/schema.org","@graph":[{"@type":"CollectionPage","@id":null,"url":"","name":"","isPartOf":{"@id":"https:\/\/acaweb.ca\/fr\/#website"},"inLanguage":"fr-CA"},{"@type":"WebSite","@id":"https:\/\/acaweb.ca\/fr\/#website","url":"https:\/\/acaweb.ca\/fr\/","name":"Association canadienne des annonceurs","description":"","publisher":{"@id":"https:\/\/acaweb.ca\/fr\/#organization"},"potentialAction":[{"@type":"SearchAction","target":{"@type":"EntryPoint","urlTemplate":"https:\/\/acaweb.ca\/fr\/?s={search_term_string}"},"query-input":{"@type":"PropertyValueSpecification","valueRequired":true,"valueName":"search_term_string"}}],"inLanguage":"fr-CA"},{"@type":"Organization","@id":"https:\/\/acaweb.ca\/fr\/#organization","name":"Association canadienne des annonceurs","url":"https:\/\/acaweb.ca\/fr\/","logo":{"@type":"ImageObject","inLanguage":"fr-CA","@id":"https:\/\/acaweb.ca\/fr\/#\/schema\/logo\/image\/","url":"https:\/\/acaweb.ca\/fr\/wp-content\/uploads\/sites\/3\/2017\/10\/cropped-ACA-FR-logo-colour.png","contentUrl":"https:\/\/acaweb.ca\/fr\/wp-content\/uploads\/sites\/3\/2017\/10\/cropped-ACA-FR-logo-colour.png","width":1595,"height":417,"caption":"Association canadienne des annonceurs"},"image":{"@id":"https:\/\/acaweb.ca\/fr\/#\/schema\/logo\/image\/"}}]}},"_links":{"self":[{"href":"https:\/\/acaweb.ca\/fr\/wp-json\/wp\/v2\/pages\/2786"}],"collection":[{"href":"https:\/\/acaweb.ca\/fr\/wp-json\/wp\/v2\/pages"}],"about":[{"href":"https:\/\/acaweb.ca\/fr\/wp-json\/wp\/v2\/types\/page"}],"author":[{"embeddable":true,"href":"https:\/\/acaweb.ca\/fr\/wp-json\/wp\/v2\/users\/1"}],"replies":[{"embeddable":true,"href":"https:\/\/acaweb.ca\/fr\/wp-json\/wp\/v2\/comments?post=2786"}],"version-history":[{"count":22,"href":"https:\/\/acaweb.ca\/fr\/wp-json\/wp\/v2\/pages\/2786\/revisions"}],"predecessor-version":[{"id":7676,"href":"https:\/\/acaweb.ca\/fr\/wp-json\/wp\/v2\/pages\/2786\/revisions\/7676"}],"up":[{"embeddable":true,"href":"https:\/\/acaweb.ca\/fr\/wp-json\/wp\/v2\/pages\/340"}],"wp:featuredmedia":[{"embeddable":true,"href":"https:\/\/acaweb.ca\/fr\/wp-json\/wp\/v2\/media\/7294"}],"wp:attachment":[{"href":"https:\/\/acaweb.ca\/fr\/wp-json\/wp\/v2\/media?parent=2786"}],"curies":[{"name":"wp","href":"https:\/\/api.w.org\/{rel}","templated":true}]}}