{"id":2379,"date":"2017-10-27T16:31:29","date_gmt":"2017-10-27T20:31:29","guid":{"rendered":"http:\/\/www.acaweb.ca\/fr\/?page_id=2379"},"modified":"2017-10-28T13:43:17","modified_gmt":"2017-10-28T17:43:17","slug":"politique-de-confidentialite-et-enonce-juridique","status":"publish","type":"page","link":"https:\/\/acaweb.ca\/fr\/politique-de-confidentialite-et-enonce-juridique\/","title":{"rendered":"Politique de confidentialit\u00e9 et \u00e9nonc\u00e9 juridique"},"content":{"rendered":"<p><strong>Confidentialit\u00e9<\/strong><\/p>\n<p>L\u2019Association canadienne des annonceurs (ACA) a \u00e9labor\u00e9 la pr\u00e9sente politique de confidentialit\u00e9 afin de montrer son engagement en mati\u00e8re de protection des renseignements personnels de ses membres et d\u2019autres personnes et d\u2019\u00e9noncer ses m\u00e9thodes de collecte et d\u2019utilisation de l\u2019information, y compris pour son site web ACAweb.ca.<\/p>\n<p>L\u2019objectif de l\u2019ACA est de faire en sorte que ses pratiques en mati\u00e8re de collecte de renseignements soient conformes \u00e0 la <em>Loi sur la protection des renseignements personnels et les documents \u00e9lectroniques <\/em>et \u00e0 l\u2019ensemble des lois provinciales.<\/p>\n<p>L\u2019ACA peut recueillir des renseignements personnels en ligne et hors ligne, notamment au moyen de sondages ou d\u2019enqu\u00eate, d\u2019inscriptions et de demandes de renseignements. Les renseignements ainsi recueillis comprennent des coordonn\u00e9es et sont utilis\u00e9s par l\u2019ACA pour traiter une demande ou y r\u00e9pondre et de toute autre mani\u00e8re afin de r\u00e9pondre aux besoins de ses membres. Ces renseignements ne serviront qu\u2019\u00e0 des fins internes et ne seront d\u00e9voil\u00e9s \u00e0 aucune tierce partie, sauf dans les cas requis par la loi. Ces renseignements pourront servir \u00e0 g\u00e9n\u00e9rer des statistiques ou des rapports internes, de m\u00eame qu\u2019\u00e0 communiquer avec les membres et non-membres au sujet des services et produits offerts par l\u2019ACA.<\/p>\n<p>Lorsque vous acc\u00e9dez \u00e0 notre site web, notre serveur et notre fournisseur d\u2019analytique recueillent des renseignements sur les habitudes d\u2019utilisation du site, notamment\u00a0: les pages consult\u00e9es, la date et l\u2019heure, des renseignements sur la r\u00e9ponse \u00e0 des demandes et leur traitement et l\u2019adresse IP, l\u2019information sur le fureteur et l\u2019emplacement (ville\/pays) du client. Nous utilisons des t\u00e9moins sur notre site web. Les t\u00e9moins sont de petits fichiers de donn\u00e9es envoy\u00e9s \u00e0 votre fureteur et install\u00e9s dans votre ordinateur. Ces fichiers permettent \u00e0 notre serveur de vous reconna\u00eetre lorsque vous revenez consulter nos pages web et de rendre votre visite plus efficace, ainsi que de conna\u00eetre les pages les plus visit\u00e9es afin de d\u00e9terminer les fa\u00e7ons d\u2019am\u00e9liorer le contenu de notre site. La plupart des fureteurs vous avertissent lorsqu\u2019un fichier t\u00e9moin vous est envoy\u00e9 et vous permettent de l\u2019accepter ou de le refuser. Les renseignements recueillis au moyen de t\u00e9moins sont utilis\u00e9s seulement de mani\u00e8re agr\u00e9g\u00e9e \u00e0 des fins d\u2019administration et d\u2019entretien du site web et ne seront pas d\u00e9voil\u00e9s \u00e0 de tierces parties, sauf dans les cas requis par la loi.<\/p>\n<p>En utilisant ce site web, vous acceptez que vos renseignements personnels soient recueillis et utilis\u00e9s de la fa\u00e7on mentionn\u00e9e au paragraphe pr\u00e9c\u00e9dent.<\/p>\n<p><strong>S\u00e9curit\u00e9<\/strong><\/p>\n<p>L\u2019ACA utilise des syst\u00e8mes de s\u00e9curit\u00e9 accept\u00e9s par l\u2019industrie pour prot\u00e9ger vos renseignements personnels. Si jamais les politiques en mati\u00e8re de s\u00e9curit\u00e9 et de protection des renseignements personnels de l\u2019ACA sont modifi\u00e9es, ces modifications seront affich\u00e9es ici. Nous voulons nous assurer que l\u2019utilisateur soit toujours inform\u00e9 de la mani\u00e8re dont ses renseignements personnels sont recueillis, utilis\u00e9s et prot\u00e9g\u00e9s.<\/p>\n<p><strong>Hyperliens<\/strong><\/p>\n<p>L\u2019ACA fournit des liens vers d\u2019autres sites web d\u2019int\u00e9r\u00eat similaire \u00e0 titre d\u2019information pour les utilisateurs. La politique de confidentialit\u00e9 et l\u2019\u00e9nonc\u00e9 juridique ne concernent que l\u2019ACA. Nous vous encourageons \u00e0 lire les politiques de confidentialit\u00e9 de tous les sites web que vous visitez, en particulier si vous y partagez des renseignements personnels. L\u2019ACA d\u00e9cline toute affiliation avec d\u2019autres sites web, n\u2019approuve ni le contenu ni les pratiques d\u2019autres sites web et ne peut \u00eatre tenue responsable de tout dommage pouvant \u00eatre imputable \u00e0 de tels liens ou \u00e0 un de ces sites web.<\/p>\n<p><strong>Droits de propri\u00e9t\u00e9 intellectuelle <\/strong><\/p>\n<p>Le contenu, les renseignements et les documents disponibles sur ce site sont d\u00e9tenus et prot\u00e9g\u00e9s en vertu de lois en mati\u00e8re de droit d\u2019auteur, de marque de commerce et d\u2019autres droits de propri\u00e9t\u00e9 intellectuelle applicables. Vous pouvez t\u00e9l\u00e9charger, enregistrer et imprimer une copie de tout renseignement ou document obtenus sur ce site, pourvu que ces renseignements ou documents soient utilis\u00e9s \u00e0 des fins internes seulement et que ces renseignements et documents, complets ou partiels, incluent l\u2019avis de droit d\u2019auteur mentionn\u00e9 ci-dessous, ainsi que toutes les mentions de marques de commerce applicables qui se retrouvent sur notre site web.<\/p>\n<p><strong>Exon\u00e9ration de garanties et limitation de responsabilit\u00e9<\/strong><\/p>\n<p>Le contenu, les renseignements et les documents disponibles sur ce site sont offerts \u00e0 titre informatif seulement et ne cherchent pas \u00e0 r\u00e9pondre aux besoins d\u2019une personne en particulier. Le contenu, les renseignements et les documents disponibles sur ce site, ou par son entremise, sont offerts \u00ab\u00a0tel quel\u00a0\u00bb. L\u2019 Association canadienne des annonceurs inc. d\u00e9cline express\u00e9ment toute responsabilit\u00e9 \u00e0 l\u2019\u00e9gard de toute repr\u00e9sentation, condition et garantie de toute sorte, expresses ou implicites, l\u00e9gales ou autres, y compris les conditions, repr\u00e9sentations ou garanties implicites de qualit\u00e9 marchande, d\u2019ad\u00e9quation \u00e0 une fin particuli\u00e8re ou de non-violation en mati\u00e8re de droits de propri\u00e9t\u00e9 intellectuelle en rapport avec ce contenu, ces renseignements et ces documents, dans la mesure permise par la loi. Vous comprenez et convenez express\u00e9ment que l\u2019Association canadienne des annonceurs inc. et ses administrateurs, dirigeants et employ\u00e9s ne peuvent pas \u00eatre tenus responsables de dommages, pertes, co\u00fbts directs, indirects, accessoires, particuliers, cons\u00e9cutifs, exemplaires ou punitifs ou de toute autre responsabilit\u00e9 (dans la mesure permise par la loi), y compris les dommages r\u00e9sultant de la perte de b\u00e9n\u00e9fices commerciaux, d\u2019achalandage, \u00e0 l\u2019utilisation de donn\u00e9es, ou toute autre perte immat\u00e9rielle d\u00e9coulant de (i) l\u2019utilisation ou l\u2019impossibilit\u00e9 d\u2019utiliser le site web ou les renseignements qui y sont disponibles ou accessibles, (ii) l\u2019acc\u00e8s non autoris\u00e9 ou la modification de vos transmissions ou de vos donn\u00e9es, ou (iii) toute autre question en lien avec le site web.<\/p>\n<p><strong>Nous joindre <\/strong><\/p>\n<p>Si vous d\u00e9sirez consulter ou mettre \u00e0 jour toute information que vous nous avez fournie, ou si vous d\u00e9sirez vous d\u00e9sabonner des communications futures ou faire retirer vos coordonn\u00e9es de nos dossiers, ou si vous avez des questions en lien avec vos renseignements, veuillez contacter la personne responsable de la confidentialit\u00e9 \u00e0 l\u2019ACA par la poste au 95, avenue St. Clair Ouest, Bureau 1008, Toronto (Ontario)\u00a0\u00a0M4V 1N6, par t\u00e9l\u00e9phone au (416) 964-3805\/1-800-565-0109 ou par courriel \u00e0\u00a0<a href=\"mailto:jyared@acaweb.ca\">jyared@acaweb.ca<\/a>.<\/p>\n<p>\u00a9 Droit d\u2019auteur 2017 Association canadienne des annonceurs inc. Tous droits r\u00e9serv\u00e9s.<\/p>\n","protected":false},"excerpt":{"rendered":"<p>Confidentialit\u00e9 L\u2019Association canadienne des annonceurs (ACA) a \u00e9labor\u00e9 la pr\u00e9sente politique de confidentialit\u00e9 afin de montrer son engagement en mati\u00e8re de protection des renseignements personnels de ses membres et d\u2019autres personnes et d\u2019\u00e9noncer ses m\u00e9thodes de collecte et d\u2019utilisation de l\u2019information, y compris pour son site web ACAweb.ca. L\u2019objectif de l\u2019ACA est de faire en [&hellip;]<\/p>\n","protected":false},"author":2,"featured_media":0,"parent":0,"menu_order":0,"comment_status":"closed","ping_status":"closed","template":"","meta":{"_acf_changed":false,"content-type":"","footnotes":""},"acf":[],"yoast_head":"<!-- This site is optimized with the Yoast SEO plugin v23.4 - https:\/\/yoast.com\/wordpress\/plugins\/seo\/ -->\n<title>Association canadienne des annonceurs<\/title>\n<meta name=\"robots\" content=\"index, follow, max-snippet:-1, max-image-preview:large, max-video-preview:-1\" \/>\n<meta property=\"og:locale\" content=\"fr_CA\" \/>\n<meta property=\"og:type\" content=\"article\" \/>\n<meta property=\"og:site_name\" content=\"Association canadienne des annonceurs\" \/>\n<meta name=\"twitter:card\" content=\"summary_large_image\" \/>\n<script type=\"application\/ld+json\" class=\"yoast-schema-graph\">{\"@context\":\"https:\/\/schema.org\",\"@graph\":[{\"@type\":\"CollectionPage\",\"@id\":null,\"url\":\"\",\"name\":\"\",\"isPartOf\":{\"@id\":\"https:\/\/acaweb.ca\/fr\/#website\"},\"inLanguage\":\"fr-CA\"},{\"@type\":\"WebSite\",\"@id\":\"https:\/\/acaweb.ca\/fr\/#website\",\"url\":\"https:\/\/acaweb.ca\/fr\/\",\"name\":\"Association canadienne des annonceurs\",\"description\":\"\",\"publisher\":{\"@id\":\"https:\/\/acaweb.ca\/fr\/#organization\"},\"potentialAction\":[{\"@type\":\"SearchAction\",\"target\":{\"@type\":\"EntryPoint\",\"urlTemplate\":\"https:\/\/acaweb.ca\/fr\/?s={search_term_string}\"},\"query-input\":{\"@type\":\"PropertyValueSpecification\",\"valueRequired\":true,\"valueName\":\"search_term_string\"}}],\"inLanguage\":\"fr-CA\"},{\"@type\":\"Organization\",\"@id\":\"https:\/\/acaweb.ca\/fr\/#organization\",\"name\":\"Association canadienne des annonceurs\",\"url\":\"https:\/\/acaweb.ca\/fr\/\",\"logo\":{\"@type\":\"ImageObject\",\"inLanguage\":\"fr-CA\",\"@id\":\"https:\/\/acaweb.ca\/fr\/#\/schema\/logo\/image\/\",\"url\":\"https:\/\/acaweb.ca\/fr\/wp-content\/uploads\/sites\/3\/2017\/10\/cropped-ACA-FR-logo-colour.png\",\"contentUrl\":\"https:\/\/acaweb.ca\/fr\/wp-content\/uploads\/sites\/3\/2017\/10\/cropped-ACA-FR-logo-colour.png\",\"width\":1595,\"height\":417,\"caption\":\"Association canadienne des annonceurs\"},\"image\":{\"@id\":\"https:\/\/acaweb.ca\/fr\/#\/schema\/logo\/image\/\"}}]}<\/script>\n<!-- \/ Yoast SEO plugin. -->","yoast_head_json":{"title":"Association canadienne des annonceurs","robots":{"index":"index","follow":"follow","max-snippet":"max-snippet:-1","max-image-preview":"max-image-preview:large","max-video-preview":"max-video-preview:-1"},"og_locale":"fr_CA","og_type":"article","og_site_name":"Association canadienne des annonceurs","twitter_card":"summary_large_image","schema":{"@context":"https:\/\/schema.org","@graph":[{"@type":"CollectionPage","@id":null,"url":"","name":"","isPartOf":{"@id":"https:\/\/acaweb.ca\/fr\/#website"},"inLanguage":"fr-CA"},{"@type":"WebSite","@id":"https:\/\/acaweb.ca\/fr\/#website","url":"https:\/\/acaweb.ca\/fr\/","name":"Association canadienne des annonceurs","description":"","publisher":{"@id":"https:\/\/acaweb.ca\/fr\/#organization"},"potentialAction":[{"@type":"SearchAction","target":{"@type":"EntryPoint","urlTemplate":"https:\/\/acaweb.ca\/fr\/?s={search_term_string}"},"query-input":{"@type":"PropertyValueSpecification","valueRequired":true,"valueName":"search_term_string"}}],"inLanguage":"fr-CA"},{"@type":"Organization","@id":"https:\/\/acaweb.ca\/fr\/#organization","name":"Association canadienne des annonceurs","url":"https:\/\/acaweb.ca\/fr\/","logo":{"@type":"ImageObject","inLanguage":"fr-CA","@id":"https:\/\/acaweb.ca\/fr\/#\/schema\/logo\/image\/","url":"https:\/\/acaweb.ca\/fr\/wp-content\/uploads\/sites\/3\/2017\/10\/cropped-ACA-FR-logo-colour.png","contentUrl":"https:\/\/acaweb.ca\/fr\/wp-content\/uploads\/sites\/3\/2017\/10\/cropped-ACA-FR-logo-colour.png","width":1595,"height":417,"caption":"Association canadienne des annonceurs"},"image":{"@id":"https:\/\/acaweb.ca\/fr\/#\/schema\/logo\/image\/"}}]}},"_links":{"self":[{"href":"https:\/\/acaweb.ca\/fr\/wp-json\/wp\/v2\/pages\/2379"}],"collection":[{"href":"https:\/\/acaweb.ca\/fr\/wp-json\/wp\/v2\/pages"}],"about":[{"href":"https:\/\/acaweb.ca\/fr\/wp-json\/wp\/v2\/types\/page"}],"author":[{"embeddable":true,"href":"https:\/\/acaweb.ca\/fr\/wp-json\/wp\/v2\/users\/2"}],"replies":[{"embeddable":true,"href":"https:\/\/acaweb.ca\/fr\/wp-json\/wp\/v2\/comments?post=2379"}],"version-history":[{"count":0,"href":"https:\/\/acaweb.ca\/fr\/wp-json\/wp\/v2\/pages\/2379\/revisions"}],"wp:attachment":[{"href":"https:\/\/acaweb.ca\/fr\/wp-json\/wp\/v2\/media?parent=2379"}],"curies":[{"name":"wp","href":"https:\/\/api.w.org\/{rel}","templated":true}]}}