{"id":143,"date":"2017-10-10T11:01:13","date_gmt":"2017-10-10T15:01:13","guid":{"rendered":"http:\/\/www.acaweb.ca\/fr\/?page_id=143"},"modified":"2025-04-13T14:01:24","modified_gmt":"2025-04-13T18:01:24","slug":"aspects-juridiques","status":"publish","type":"page","link":"https:\/\/acaweb.ca\/fr\/services-conseils-confidentiels\/aspects-juridiques\/","title":{"rendered":"Aspects juridiques"},"content":{"rendered":"<p>Qu\u2019il s\u2019agisse des lois concernant la mise en march\u00e9 des produits ou le respect de la vie priv\u00e9e, des divers codes d\u2019autor\u00e9glementation, de l\u2019approbation des concepts, des d\u00e9cisions du CRTC, des contrats avec les artistes ou de questions sur la production de vos annonces, l\u2019ACA peut vous aider \u00e0 y voir clair dans le d\u00e9dale des lois, r\u00e8glements, codes et ententes r\u00e9gissant l\u2019industrie.<\/p>\n<h3><strong>Ressources connexes :<\/strong><\/h3>\n<p><img loading=\"lazy\" decoding=\"async\" src=\"https:\/\/acaweb.ca\/fr\/wp-content\/uploads\/sites\/3\/2018\/08\/ACA-MSA-FRE-cover-rev20180718-keyline-scaled.jpg\" alt=\"\" width=\"85\" height=\"110\" class=\"alignnone size-full wp-image-3368\" \/><\/p>\n<p><a href=\"http:\/\/www.acaweb.ca\/fr\/resource\/contrat-de-services-de-communications-marketing\/\"><u>Contrat de services de communications marketing<\/u><\/a><br \/>\n<em>Contrat type comment\u00e9, 5<sup>e<\/sup> \u00e9dition (2018)<\/em><\/p>\n<p><img loading=\"lazy\" decoding=\"async\" src=\"https:\/\/acaweb.ca\/fr\/wp-content\/uploads\/sites\/3\/2019\/08\/Pritchard-AdvertisingMarketingLaw6e-200x300.jpg\" alt=\"Advertising and Marketing Law in Canada, 6e \u00e9dition\" width=\"85\" height=\"127\" class=\"alignnone size-medium wp-image-3879\" srcset=\"https:\/\/acaweb.ca\/fr\/wp-content\/uploads\/sites\/3\/2019\/08\/Pritchard-AdvertisingMarketingLaw6e-200x300.jpg 200w, https:\/\/acaweb.ca\/fr\/wp-content\/uploads\/sites\/3\/2019\/08\/Pritchard-AdvertisingMarketingLaw6e-768x1152.jpg 768w, https:\/\/acaweb.ca\/fr\/wp-content\/uploads\/sites\/3\/2019\/08\/Pritchard-AdvertisingMarketingLaw6e-683x1024.jpg 683w, https:\/\/acaweb.ca\/fr\/wp-content\/uploads\/sites\/3\/2019\/08\/Pritchard-AdvertisingMarketingLaw6e-410x615.jpg 410w, https:\/\/acaweb.ca\/fr\/wp-content\/uploads\/sites\/3\/2019\/08\/Pritchard-AdvertisingMarketingLaw6e-117x175.jpg 117w, https:\/\/acaweb.ca\/fr\/wp-content\/uploads\/sites\/3\/2019\/08\/Pritchard-AdvertisingMarketingLaw6e.jpg 800w\" sizes=\"(max-width: 85px) 100vw, 85px\" \/><\/p>\n<p><a href=\"http:\/\/www.acaweb.ca\/fr\/resource\/advertising-and-marketing-law-in-canada-version-anglaise-seulement\/\"><u>Advertising and Marketing Law in Canada <\/u><\/a><br \/>\n<em>Sixi\u00e8me \u00e9dition (2019)<\/em><br \/>\n<em>(version anglaise seulement)<\/em><\/p>\n<p><img loading=\"lazy\" decoding=\"async\" class=\"alignnone wp-image-325\" src=\"https:\/\/acaweb.ca\/fr\/wp-content\/uploads\/sites\/3\/2024\/06\/MOA-ACTRA-FR-Screen.jpg\" alt=\"ACN ACTRA 2024-2025 \" width=\"85\" height=\"110\" \/><\/p>\n<p><a href=\"https:\/\/acaweb.ca\/fr\/resource\/accord-commercial-national-acn-2024-2025\/\"><u>Accord commercial national &#8211; ACTRA<\/u><\/a><br \/>\n<em>2024-2025<\/em><\/p>\n<p><img loading=\"lazy\" decoding=\"async\" class=\"alignnone wp-image-327\" src=\"https:\/\/acaweb.ca\/fr\/wp-content\/uploads\/sites\/3\/2024\/03\/Entente-UDA-APC-2024-2027.jpg\" alt=\"UDA entente collective des annonces publicitaires 2024-2027\" width=\"85\" height=\"110\" \/><\/p>\n<p><a href=\"https:\/\/acaweb.ca\/fr\/resource\/uda-entente-collective-des-annonces-publicitaires\/\"><u>UDA : Entente collective des annonces publicitaires<\/u><\/a><br \/>\n<em>2024-2027<\/em><\/p>\n","protected":false},"excerpt":{"rendered":"<p>Qu\u2019il s\u2019agisse des lois concernant la mise en march\u00e9 des produits ou le respect de la vie priv\u00e9e, des divers codes d\u2019autor\u00e9glementation, de l\u2019approbation des concepts, des d\u00e9cisions du CRTC, des contrats avec les artistes ou de questions sur la production de vos annonces, l\u2019ACA peut vous aider \u00e0 y voir clair dans le d\u00e9dale [&hellip;]<\/p>\n","protected":false},"author":1,"featured_media":144,"parent":131,"menu_order":6,"comment_status":"closed","ping_status":"closed","template":"confidential-consultations-child.php","meta":{"_acf_changed":false,"content-type":"","footnotes":""},"acf":[],"yoast_head":"<!-- This site is optimized with the Yoast SEO plugin v23.4 - https:\/\/yoast.com\/wordpress\/plugins\/seo\/ -->\n<title>jeunes sp\u00e9cialistes en marketing Archives - Association canadienne des annonceurs<\/title>\n<meta name=\"robots\" content=\"index, follow, max-snippet:-1, max-image-preview:large, max-video-preview:-1\" \/>\n<link rel=\"canonical\" href=\"https:\/\/acaweb.ca\/fr\/tag\/jeunes-specialistes-en-marketing\/\" \/>\n<meta property=\"og:locale\" content=\"fr_CA\" \/>\n<meta property=\"og:type\" content=\"article\" \/>\n<meta property=\"og:title\" content=\"jeunes sp\u00e9cialistes en marketing Archives - Association canadienne des annonceurs\" \/>\n<meta property=\"og:url\" content=\"https:\/\/acaweb.ca\/fr\/tag\/jeunes-specialistes-en-marketing\/\" \/>\n<meta property=\"og:site_name\" content=\"Association canadienne des annonceurs\" \/>\n<meta name=\"twitter:card\" content=\"summary_large_image\" \/>\n<script type=\"application\/ld+json\" class=\"yoast-schema-graph\">{\"@context\":\"https:\/\/schema.org\",\"@graph\":[{\"@type\":\"CollectionPage\",\"@id\":\"https:\/\/acaweb.ca\/fr\/tag\/jeunes-specialistes-en-marketing\/\",\"url\":\"https:\/\/acaweb.ca\/fr\/tag\/jeunes-specialistes-en-marketing\/\",\"name\":\"jeunes sp\u00e9cialistes en marketing Archives - Association canadienne des annonceurs\",\"isPartOf\":{\"@id\":\"https:\/\/acaweb.ca\/fr\/#website\"},\"breadcrumb\":{\"@id\":\"https:\/\/acaweb.ca\/fr\/tag\/jeunes-specialistes-en-marketing\/#breadcrumb\"},\"inLanguage\":\"fr-CA\"},{\"@type\":\"BreadcrumbList\",\"@id\":\"https:\/\/acaweb.ca\/fr\/tag\/jeunes-specialistes-en-marketing\/#breadcrumb\",\"itemListElement\":[{\"@type\":\"ListItem\",\"position\":1,\"name\":\"Accueil\",\"item\":\"https:\/\/acaweb.ca\/fr\/\"},{\"@type\":\"ListItem\",\"position\":2,\"name\":\"jeunes sp\u00e9cialistes en marketing\"}]},{\"@type\":\"WebSite\",\"@id\":\"https:\/\/acaweb.ca\/fr\/#website\",\"url\":\"https:\/\/acaweb.ca\/fr\/\",\"name\":\"Association canadienne des annonceurs\",\"description\":\"\",\"publisher\":{\"@id\":\"https:\/\/acaweb.ca\/fr\/#organization\"},\"potentialAction\":[{\"@type\":\"SearchAction\",\"target\":{\"@type\":\"EntryPoint\",\"urlTemplate\":\"https:\/\/acaweb.ca\/fr\/?s={search_term_string}\"},\"query-input\":{\"@type\":\"PropertyValueSpecification\",\"valueRequired\":true,\"valueName\":\"search_term_string\"}}],\"inLanguage\":\"fr-CA\"},{\"@type\":\"Organization\",\"@id\":\"https:\/\/acaweb.ca\/fr\/#organization\",\"name\":\"Association canadienne des annonceurs\",\"url\":\"https:\/\/acaweb.ca\/fr\/\",\"logo\":{\"@type\":\"ImageObject\",\"inLanguage\":\"fr-CA\",\"@id\":\"https:\/\/acaweb.ca\/fr\/#\/schema\/logo\/image\/\",\"url\":\"https:\/\/acaweb.ca\/fr\/wp-content\/uploads\/sites\/3\/2017\/10\/cropped-ACA-FR-logo-colour.png\",\"contentUrl\":\"https:\/\/acaweb.ca\/fr\/wp-content\/uploads\/sites\/3\/2017\/10\/cropped-ACA-FR-logo-colour.png\",\"width\":1595,\"height\":417,\"caption\":\"Association canadienne des annonceurs\"},\"image\":{\"@id\":\"https:\/\/acaweb.ca\/fr\/#\/schema\/logo\/image\/\"}}]}<\/script>\n<!-- \/ Yoast SEO plugin. -->","yoast_head_json":{"title":"jeunes sp\u00e9cialistes en marketing Archives - Association canadienne des annonceurs","robots":{"index":"index","follow":"follow","max-snippet":"max-snippet:-1","max-image-preview":"max-image-preview:large","max-video-preview":"max-video-preview:-1"},"canonical":"https:\/\/acaweb.ca\/fr\/tag\/jeunes-specialistes-en-marketing\/","og_locale":"fr_CA","og_type":"article","og_title":"jeunes sp\u00e9cialistes en marketing Archives - Association canadienne des annonceurs","og_url":"https:\/\/acaweb.ca\/fr\/tag\/jeunes-specialistes-en-marketing\/","og_site_name":"Association canadienne des annonceurs","twitter_card":"summary_large_image","schema":{"@context":"https:\/\/schema.org","@graph":[{"@type":"CollectionPage","@id":"https:\/\/acaweb.ca\/fr\/tag\/jeunes-specialistes-en-marketing\/","url":"https:\/\/acaweb.ca\/fr\/tag\/jeunes-specialistes-en-marketing\/","name":"jeunes sp\u00e9cialistes en marketing Archives - Association canadienne des annonceurs","isPartOf":{"@id":"https:\/\/acaweb.ca\/fr\/#website"},"breadcrumb":{"@id":"https:\/\/acaweb.ca\/fr\/tag\/jeunes-specialistes-en-marketing\/#breadcrumb"},"inLanguage":"fr-CA"},{"@type":"BreadcrumbList","@id":"https:\/\/acaweb.ca\/fr\/tag\/jeunes-specialistes-en-marketing\/#breadcrumb","itemListElement":[{"@type":"ListItem","position":1,"name":"Accueil","item":"https:\/\/acaweb.ca\/fr\/"},{"@type":"ListItem","position":2,"name":"jeunes sp\u00e9cialistes en marketing"}]},{"@type":"WebSite","@id":"https:\/\/acaweb.ca\/fr\/#website","url":"https:\/\/acaweb.ca\/fr\/","name":"Association canadienne des annonceurs","description":"","publisher":{"@id":"https:\/\/acaweb.ca\/fr\/#organization"},"potentialAction":[{"@type":"SearchAction","target":{"@type":"EntryPoint","urlTemplate":"https:\/\/acaweb.ca\/fr\/?s={search_term_string}"},"query-input":{"@type":"PropertyValueSpecification","valueRequired":true,"valueName":"search_term_string"}}],"inLanguage":"fr-CA"},{"@type":"Organization","@id":"https:\/\/acaweb.ca\/fr\/#organization","name":"Association canadienne des annonceurs","url":"https:\/\/acaweb.ca\/fr\/","logo":{"@type":"ImageObject","inLanguage":"fr-CA","@id":"https:\/\/acaweb.ca\/fr\/#\/schema\/logo\/image\/","url":"https:\/\/acaweb.ca\/fr\/wp-content\/uploads\/sites\/3\/2017\/10\/cropped-ACA-FR-logo-colour.png","contentUrl":"https:\/\/acaweb.ca\/fr\/wp-content\/uploads\/sites\/3\/2017\/10\/cropped-ACA-FR-logo-colour.png","width":1595,"height":417,"caption":"Association canadienne des annonceurs"},"image":{"@id":"https:\/\/acaweb.ca\/fr\/#\/schema\/logo\/image\/"}}]}},"_links":{"self":[{"href":"https:\/\/acaweb.ca\/fr\/wp-json\/wp\/v2\/pages\/143"}],"collection":[{"href":"https:\/\/acaweb.ca\/fr\/wp-json\/wp\/v2\/pages"}],"about":[{"href":"https:\/\/acaweb.ca\/fr\/wp-json\/wp\/v2\/types\/page"}],"author":[{"embeddable":true,"href":"https:\/\/acaweb.ca\/fr\/wp-json\/wp\/v2\/users\/1"}],"replies":[{"embeddable":true,"href":"https:\/\/acaweb.ca\/fr\/wp-json\/wp\/v2\/comments?post=143"}],"version-history":[{"count":8,"href":"https:\/\/acaweb.ca\/fr\/wp-json\/wp\/v2\/pages\/143\/revisions"}],"predecessor-version":[{"id":7899,"href":"https:\/\/acaweb.ca\/fr\/wp-json\/wp\/v2\/pages\/143\/revisions\/7899"}],"up":[{"embeddable":true,"href":"https:\/\/acaweb.ca\/fr\/wp-json\/wp\/v2\/pages\/131"}],"wp:featuredmedia":[{"embeddable":true,"href":"https:\/\/acaweb.ca\/fr\/wp-json\/wp\/v2\/media\/144"}],"wp:attachment":[{"href":"https:\/\/acaweb.ca\/fr\/wp-json\/wp\/v2\/media?parent=143"}],"curies":[{"name":"wp","href":"https:\/\/api.w.org\/{rel}","templated":true}]}}