{"id":141,"date":"2017-10-10T11:01:13","date_gmt":"2017-10-10T15:01:13","guid":{"rendered":"http:\/\/www.acaweb.ca\/fr\/?page_id=141"},"modified":"2024-08-26T16:52:17","modified_gmt":"2024-08-26T20:52:17","slug":"production","status":"publish","type":"page","link":"https:\/\/acaweb.ca\/fr\/services-conseils-confidentiels\/production\/","title":{"rendered":"Production"},"content":{"rendered":"<p>La production efficiente de programmes de communications marketing d\u00e9pend de nombreux facteurs, tels que les lois applicables, le contexte d\u2019autor\u00e9glementation, les obligations contractuelles r\u00e9gies par les ententes avec l\u2019Alliance of Canadian Cinema, Television and Radio Artists (ACTRA) ou l\u2019Union des Artistes (UDA) ou encore les d\u00e9fis de g\u00e9rance des partenariats avec vos agences.<\/p>\n<p>Consulter l\u2019ACA avant de conclure une entente de production pourrait vous aider \u00e0 r\u00e9duire vos frais de gestion et vos co\u00fbts de production, et ce, plus particuli\u00e8rement en ce qui concerne les contrats accord\u00e9s aux artistes. Notre \u00e9quipe peut aussi vous aider \u00e0 mieux comprendre et \u00e0 mieux g\u00e9rer le processus de production, \u00e0 \u00e9viter les pi\u00e8ges financiers, \u00e0 pr\u00e9server l\u2019int\u00e9grit\u00e9 des concepts tout au long du processus de d\u00e9veloppement et d\u2019approbation, \u00e0 \u00e9tablir les crit\u00e8res d\u2019\u00e9valuation, et \u00e0 engager les bons artistes et consultants en production.<\/p>\n<p>&nbsp;<\/p>\n<p><strong>Ressources connexes :<\/strong><\/p>\n<p><img loading=\"lazy\" decoding=\"async\" class=\"alignnone wp-image-327\" src=\"https:\/\/acaweb.ca\/fr\/wp-content\/uploads\/sites\/3\/2024\/08\/Entente-UDA-APC-2024-2027-232X300PX.png\" alt=\"UDA : Entente collective des annonces publicitaires 2024 2027 couverture\" width=\"85\" height=\"110\" \/><\/p>\n<p><a href=\"https:\/\/acaweb.ca\/fr\/resource\/uda-entente-collective-des-annonces-publicitaires\/\" target=\"_blank\" rel=\"noopener\"><u>UDA : Entente collective des annonces publicitaires<\/u><\/a><br \/>\n<em>avril 2024 \u2013 mars 2027<\/em><\/p>\n<p><img loading=\"lazy\" decoding=\"async\" class=\"alignnone wp-image-325\" src=\"https:\/\/acaweb.ca\/fr\/wp-content\/uploads\/sites\/3\/2024\/06\/ACN-MOA-ACTRA-FR-image-previsualisation.png\" alt=\"2024-2025 ACN MOA ACTRA FR - image previsualisation\" width=\"85\" height=\"110\" \/><\/p>\n<p><a href=\"https:\/\/acaweb.ca\/fr\/resource\/accord-commercial-national-acn-2024-2025\/\" target=\"_blank\" rel=\"noopener\"><u>Entente avec l\u2019ACTRA<\/u><\/a><br \/>\n<em>(1 juin 2024 \u2013 31 mai 2025)<\/em><\/p>\n<p><!-- <img loading=\"lazy\" decoding=\"async\" class=\"alignnone wp-image-325\" src=\"http:\/\/www.acaweb.ca\/fr\/wp-content\/uploads\/sites\/3\/2017\/10\/201609ACTRA-cover-EN-1.jpg\" alt=\"2016-02-11-NCA-Agreement-final-website\" width=\"85\" height=\"110\" \/>\n\n<a href=\"http:\/\/www.acaweb.ca\/en\/resource\/actra-agreement\/\"><u>Entente avec l\u2019ACTRA <\/u><\/a>\n<em>2017-2020<\/em>\n\n<img loading=\"lazy\" decoding=\"async\" class=\"alignnone wp-image-327\" src=\"http:\/\/www.acaweb.ca\/fr\/wp-content\/uploads\/sites\/3\/2017\/10\/COVER-apc_inm_version_francaise_2016-2018-233x300.jpg\" alt=\"apc_inm_version_anglaise_2016\" width=\"85\" height=\"110\" \/>\n\n<a href=\"http:\/\/www.acaweb.ca\/fr\/resource\/uda-entente-sur-la-publicite-dans-internet-et-les-nouveaux-medias\/\"><u>UDA : entente sur la publicit\u00e9 Internet et dans les nouveaux m\u00e9dias<\/u><\/a>\n<em>2016-2018<\/em>\n\n<img loading=\"lazy\" decoding=\"async\" class=\"alignnone wp-image-328\" src=\"http:\/\/www.acaweb.ca\/fr\/wp-content\/uploads\/sites\/3\/2017\/10\/COVER-ec_apc_annonces-tv-radio-2012-2015_0-235x300.jpg\" alt=\"Microsoft Word - EC_APC-UDA - VERSION ANGLAISE.doc\" width=\"85\" height=\"110\" \/>\n\n<a href=\"http:\/\/www.acaweb.ca\/fr\/resource\/uda-entente-sur-la-publicite-tele-et-radio\/\"><u>UDA : entente sur la publicit\u00e9 t\u00e9l\u00e9 et radio<\/u><u> <\/u><\/a>\n<em>2012-2015<\/em>--><\/p>\n","protected":false},"excerpt":{"rendered":"<p>La production efficiente de programmes de communications marketing d\u00e9pend de nombreux facteurs, tels que les lois applicables, le contexte d\u2019autor\u00e9glementation, les obligations contractuelles r\u00e9gies par les ententes avec l\u2019Alliance of Canadian Cinema, Television and Radio Artists (ACTRA) ou l\u2019Union des Artistes (UDA) ou encore les d\u00e9fis de g\u00e9rance des partenariats avec vos agences. Consulter l\u2019ACA [&hellip;]<\/p>\n","protected":false},"author":1,"featured_media":142,"parent":131,"menu_order":5,"comment_status":"closed","ping_status":"closed","template":"confidential-consultations-child.php","meta":{"_acf_changed":false,"content-type":"","footnotes":""},"acf":[],"yoast_head":"<!-- This site is optimized with the Yoast SEO plugin v23.4 - https:\/\/yoast.com\/wordpress\/plugins\/seo\/ -->\n<title>CSFX16 Archives - Association canadienne des annonceurs<\/title>\n<meta name=\"robots\" content=\"index, follow, max-snippet:-1, max-image-preview:large, max-video-preview:-1\" \/>\n<link rel=\"canonical\" href=\"https:\/\/acaweb.ca\/fr\/tag\/csfx16\/\" \/>\n<meta property=\"og:locale\" content=\"fr_CA\" \/>\n<meta property=\"og:type\" content=\"article\" \/>\n<meta property=\"og:title\" content=\"CSFX16 Archives - Association canadienne des annonceurs\" \/>\n<meta property=\"og:url\" content=\"https:\/\/acaweb.ca\/fr\/tag\/csfx16\/\" \/>\n<meta property=\"og:site_name\" content=\"Association canadienne des annonceurs\" \/>\n<meta name=\"twitter:card\" content=\"summary_large_image\" \/>\n<script type=\"application\/ld+json\" class=\"yoast-schema-graph\">{\"@context\":\"https:\/\/schema.org\",\"@graph\":[{\"@type\":\"CollectionPage\",\"@id\":\"https:\/\/acaweb.ca\/fr\/tag\/csfx16\/\",\"url\":\"https:\/\/acaweb.ca\/fr\/tag\/csfx16\/\",\"name\":\"CSFX16 Archives - Association canadienne des annonceurs\",\"isPartOf\":{\"@id\":\"https:\/\/acaweb.ca\/fr\/#website\"},\"breadcrumb\":{\"@id\":\"https:\/\/acaweb.ca\/fr\/tag\/csfx16\/#breadcrumb\"},\"inLanguage\":\"fr-CA\"},{\"@type\":\"BreadcrumbList\",\"@id\":\"https:\/\/acaweb.ca\/fr\/tag\/csfx16\/#breadcrumb\",\"itemListElement\":[{\"@type\":\"ListItem\",\"position\":1,\"name\":\"Accueil\",\"item\":\"https:\/\/acaweb.ca\/fr\/\"},{\"@type\":\"ListItem\",\"position\":2,\"name\":\"CSFX16\"}]},{\"@type\":\"WebSite\",\"@id\":\"https:\/\/acaweb.ca\/fr\/#website\",\"url\":\"https:\/\/acaweb.ca\/fr\/\",\"name\":\"Association canadienne des annonceurs\",\"description\":\"\",\"publisher\":{\"@id\":\"https:\/\/acaweb.ca\/fr\/#organization\"},\"potentialAction\":[{\"@type\":\"SearchAction\",\"target\":{\"@type\":\"EntryPoint\",\"urlTemplate\":\"https:\/\/acaweb.ca\/fr\/?s={search_term_string}\"},\"query-input\":{\"@type\":\"PropertyValueSpecification\",\"valueRequired\":true,\"valueName\":\"search_term_string\"}}],\"inLanguage\":\"fr-CA\"},{\"@type\":\"Organization\",\"@id\":\"https:\/\/acaweb.ca\/fr\/#organization\",\"name\":\"Association canadienne des annonceurs\",\"url\":\"https:\/\/acaweb.ca\/fr\/\",\"logo\":{\"@type\":\"ImageObject\",\"inLanguage\":\"fr-CA\",\"@id\":\"https:\/\/acaweb.ca\/fr\/#\/schema\/logo\/image\/\",\"url\":\"https:\/\/acaweb.ca\/fr\/wp-content\/uploads\/sites\/3\/2017\/10\/cropped-ACA-FR-logo-colour.png\",\"contentUrl\":\"https:\/\/acaweb.ca\/fr\/wp-content\/uploads\/sites\/3\/2017\/10\/cropped-ACA-FR-logo-colour.png\",\"width\":1595,\"height\":417,\"caption\":\"Association canadienne des annonceurs\"},\"image\":{\"@id\":\"https:\/\/acaweb.ca\/fr\/#\/schema\/logo\/image\/\"}}]}<\/script>\n<!-- \/ Yoast SEO plugin. -->","yoast_head_json":{"title":"CSFX16 Archives - Association canadienne des annonceurs","robots":{"index":"index","follow":"follow","max-snippet":"max-snippet:-1","max-image-preview":"max-image-preview:large","max-video-preview":"max-video-preview:-1"},"canonical":"https:\/\/acaweb.ca\/fr\/tag\/csfx16\/","og_locale":"fr_CA","og_type":"article","og_title":"CSFX16 Archives - Association canadienne des annonceurs","og_url":"https:\/\/acaweb.ca\/fr\/tag\/csfx16\/","og_site_name":"Association canadienne des annonceurs","twitter_card":"summary_large_image","schema":{"@context":"https:\/\/schema.org","@graph":[{"@type":"CollectionPage","@id":"https:\/\/acaweb.ca\/fr\/tag\/csfx16\/","url":"https:\/\/acaweb.ca\/fr\/tag\/csfx16\/","name":"CSFX16 Archives - Association canadienne des annonceurs","isPartOf":{"@id":"https:\/\/acaweb.ca\/fr\/#website"},"breadcrumb":{"@id":"https:\/\/acaweb.ca\/fr\/tag\/csfx16\/#breadcrumb"},"inLanguage":"fr-CA"},{"@type":"BreadcrumbList","@id":"https:\/\/acaweb.ca\/fr\/tag\/csfx16\/#breadcrumb","itemListElement":[{"@type":"ListItem","position":1,"name":"Accueil","item":"https:\/\/acaweb.ca\/fr\/"},{"@type":"ListItem","position":2,"name":"CSFX16"}]},{"@type":"WebSite","@id":"https:\/\/acaweb.ca\/fr\/#website","url":"https:\/\/acaweb.ca\/fr\/","name":"Association canadienne des annonceurs","description":"","publisher":{"@id":"https:\/\/acaweb.ca\/fr\/#organization"},"potentialAction":[{"@type":"SearchAction","target":{"@type":"EntryPoint","urlTemplate":"https:\/\/acaweb.ca\/fr\/?s={search_term_string}"},"query-input":{"@type":"PropertyValueSpecification","valueRequired":true,"valueName":"search_term_string"}}],"inLanguage":"fr-CA"},{"@type":"Organization","@id":"https:\/\/acaweb.ca\/fr\/#organization","name":"Association canadienne des annonceurs","url":"https:\/\/acaweb.ca\/fr\/","logo":{"@type":"ImageObject","inLanguage":"fr-CA","@id":"https:\/\/acaweb.ca\/fr\/#\/schema\/logo\/image\/","url":"https:\/\/acaweb.ca\/fr\/wp-content\/uploads\/sites\/3\/2017\/10\/cropped-ACA-FR-logo-colour.png","contentUrl":"https:\/\/acaweb.ca\/fr\/wp-content\/uploads\/sites\/3\/2017\/10\/cropped-ACA-FR-logo-colour.png","width":1595,"height":417,"caption":"Association canadienne des annonceurs"},"image":{"@id":"https:\/\/acaweb.ca\/fr\/#\/schema\/logo\/image\/"}}]}},"_links":{"self":[{"href":"https:\/\/acaweb.ca\/fr\/wp-json\/wp\/v2\/pages\/141"}],"collection":[{"href":"https:\/\/acaweb.ca\/fr\/wp-json\/wp\/v2\/pages"}],"about":[{"href":"https:\/\/acaweb.ca\/fr\/wp-json\/wp\/v2\/types\/page"}],"author":[{"embeddable":true,"href":"https:\/\/acaweb.ca\/fr\/wp-json\/wp\/v2\/users\/1"}],"replies":[{"embeddable":true,"href":"https:\/\/acaweb.ca\/fr\/wp-json\/wp\/v2\/comments?post=141"}],"version-history":[{"count":9,"href":"https:\/\/acaweb.ca\/fr\/wp-json\/wp\/v2\/pages\/141\/revisions"}],"predecessor-version":[{"id":7688,"href":"https:\/\/acaweb.ca\/fr\/wp-json\/wp\/v2\/pages\/141\/revisions\/7688"}],"up":[{"embeddable":true,"href":"https:\/\/acaweb.ca\/fr\/wp-json\/wp\/v2\/pages\/131"}],"wp:featuredmedia":[{"embeddable":true,"href":"https:\/\/acaweb.ca\/fr\/wp-json\/wp\/v2\/media\/142"}],"wp:attachment":[{"href":"https:\/\/acaweb.ca\/fr\/wp-json\/wp\/v2\/media?parent=141"}],"curies":[{"name":"wp","href":"https:\/\/api.w.org\/{rel}","templated":true}]}}