{"id":137,"date":"2017-10-10T11:01:13","date_gmt":"2017-10-10T15:01:13","guid":{"rendered":"http:\/\/www.acaweb.ca\/fr\/?page_id=137"},"modified":"2025-04-13T13:59:06","modified_gmt":"2025-04-13T17:59:06","slug":"contrat-de-service-dagence","status":"publish","type":"page","link":"https:\/\/acaweb.ca\/fr\/services-conseils-confidentiels\/contrat-de-service-dagence\/","title":{"rendered":"Contrat de service d\u2019agence"},"content":{"rendered":"<p>Une entente de services de communications marketing devrait faire plus que de d\u00e9finir les services pr\u00e9cis fournis par l\u2019agence \u00e0 son client. Elle devrait aussi indiquer les objectifs que l\u2019agence aidera l\u2019annonceur \u00e0 atteindre. L\u2019ACA peut vous aider \u00e0 r\u00e9diger une entente d\u00e9crivant de fa\u00e7on suffisamment d\u00e9taill\u00e9e les \u00e9l\u00e9ments essentiels de la relation entre vous et votre agence.<\/p>\n<p><strong>Ressources connexes :<\/strong><\/p>\n<p><img loading=\"lazy\" decoding=\"async\" class=\"alignnone wp-image-903\" src=\"http:\/\/www.acaweb.ca\/fr\/wp-content\/uploads\/sites\/3\/2017\/10\/GUIDE_mC\u0327diasNumC\u0327riques_1rePartie-COVER.jpg\" alt=\"ACA-1-AuditingGuide-10Questions-COVER\" width=\"85\" height=\"110\" \/><\/p>\n<p><a href=\"http:\/\/www.acaweb.ca\/fr\/resource\/guide-dachat-et-daudit-des-medias-numeriques\/\">Guide d\u2019achat et d\u2019audit des m\u00e9dias num\u00e9riques<\/a><br \/>\n<em>(2017)<\/em><br \/>\n<em>1<sup>re<\/sup> partie : 10 questions essentielles<\/em><br \/>\n<em>2<sup>e<\/sup> partie : Cr\u00e9er une liste d\u2019inclusion<\/em><br \/>\n<em>3<sup>e<\/sup> partie : L\u2019audit des m\u00e9dias num\u00e9riques<\/em><\/p>\n<p><img loading=\"lazy\" decoding=\"async\" class=\"alignnone wp-image-993\" src=\"http:\/\/www.acaweb.ca\/fr\/wp-content\/uploads\/sites\/3\/2017\/10\/ACA-AgencyCompPaidSEM-FR-cover-232x300.jpg\" alt=\"ACA-AgencyCompPaidSEM-EN-cover\" width=\"85\" height=\"110\" \/><\/p>\n<p><a href=\"http:\/\/www.acaweb.ca\/fr\/resource\/guide-de-remuneration-dagence-pour-les-campagnes-de-marketing-par-referencement-payant\/\"><u>Guide de r\u00e9mun\u00e9ration d\u2019agence pour les campagnes de marketing par r\u00e9f\u00e9rencement payant<\/u><\/a><br \/>\n<em>(2016)<\/em><\/p>\n<p><img loading=\"lazy\" decoding=\"async\" class=\"alignnone wp-image-318\" src=\"http:\/\/www.acaweb.ca\/fr\/wp-content\/uploads\/sites\/3\/2017\/10\/MARCOM-Cover-FRE-2014-front-232x300.jpg\" alt=\"Marketing-Communications-Services-Agreement\" width=\"85\" height=\"112\" \/><\/p>\n<p><a href=\"http:\/\/www.acaweb.ca\/fr\/resource\/contrat-de-services-de-communications-marketing\/\">Contrat de services de communications marketing<\/a><br \/>\n<em>Contrat type comment\u00e9, 4<sup>e<\/sup> \u00e9dition (2014)<\/em><\/p>\n","protected":false},"excerpt":{"rendered":"<p>Une entente de services de communications marketing devrait faire plus que de d\u00e9finir les services pr\u00e9cis fournis par l\u2019agence \u00e0 son client. Elle devrait aussi indiquer les objectifs que l\u2019agence aidera l\u2019annonceur \u00e0 atteindre. L\u2019ACA peut vous aider \u00e0 r\u00e9diger une entente d\u00e9crivant de fa\u00e7on suffisamment d\u00e9taill\u00e9e les \u00e9l\u00e9ments essentiels de la relation entre vous [&hellip;]<\/p>\n","protected":false},"author":1,"featured_media":138,"parent":131,"menu_order":3,"comment_status":"closed","ping_status":"closed","template":"confidential-consultations-child.php","meta":{"_acf_changed":false,"content-type":"","footnotes":""},"acf":[],"yoast_head":"<!-- This site is optimized with the Yoast SEO plugin v23.4 - https:\/\/yoast.com\/wordpress\/plugins\/seo\/ -->\n<title>Norm O\u2019Reilly Archives - Association canadienne des annonceurs<\/title>\n<meta name=\"robots\" content=\"index, follow, max-snippet:-1, max-image-preview:large, max-video-preview:-1\" \/>\n<link rel=\"canonical\" href=\"https:\/\/acaweb.ca\/fr\/tag\/norm-oreilly\/\" \/>\n<meta property=\"og:locale\" content=\"fr_CA\" \/>\n<meta property=\"og:type\" content=\"article\" \/>\n<meta property=\"og:title\" content=\"Norm O\u2019Reilly Archives - Association canadienne des annonceurs\" \/>\n<meta property=\"og:url\" content=\"https:\/\/acaweb.ca\/fr\/tag\/norm-oreilly\/\" \/>\n<meta property=\"og:site_name\" content=\"Association canadienne des annonceurs\" \/>\n<meta name=\"twitter:card\" content=\"summary_large_image\" \/>\n<script type=\"application\/ld+json\" class=\"yoast-schema-graph\">{\"@context\":\"https:\/\/schema.org\",\"@graph\":[{\"@type\":\"CollectionPage\",\"@id\":\"https:\/\/acaweb.ca\/fr\/tag\/norm-oreilly\/\",\"url\":\"https:\/\/acaweb.ca\/fr\/tag\/norm-oreilly\/\",\"name\":\"Norm O\u2019Reilly Archives - Association canadienne des annonceurs\",\"isPartOf\":{\"@id\":\"https:\/\/acaweb.ca\/fr\/#website\"},\"breadcrumb\":{\"@id\":\"https:\/\/acaweb.ca\/fr\/tag\/norm-oreilly\/#breadcrumb\"},\"inLanguage\":\"fr-CA\"},{\"@type\":\"BreadcrumbList\",\"@id\":\"https:\/\/acaweb.ca\/fr\/tag\/norm-oreilly\/#breadcrumb\",\"itemListElement\":[{\"@type\":\"ListItem\",\"position\":1,\"name\":\"Accueil\",\"item\":\"https:\/\/acaweb.ca\/fr\/\"},{\"@type\":\"ListItem\",\"position\":2,\"name\":\"Norm O\u2019Reilly\"}]},{\"@type\":\"WebSite\",\"@id\":\"https:\/\/acaweb.ca\/fr\/#website\",\"url\":\"https:\/\/acaweb.ca\/fr\/\",\"name\":\"Association canadienne des annonceurs\",\"description\":\"\",\"publisher\":{\"@id\":\"https:\/\/acaweb.ca\/fr\/#organization\"},\"potentialAction\":[{\"@type\":\"SearchAction\",\"target\":{\"@type\":\"EntryPoint\",\"urlTemplate\":\"https:\/\/acaweb.ca\/fr\/?s={search_term_string}\"},\"query-input\":{\"@type\":\"PropertyValueSpecification\",\"valueRequired\":true,\"valueName\":\"search_term_string\"}}],\"inLanguage\":\"fr-CA\"},{\"@type\":\"Organization\",\"@id\":\"https:\/\/acaweb.ca\/fr\/#organization\",\"name\":\"Association canadienne des annonceurs\",\"url\":\"https:\/\/acaweb.ca\/fr\/\",\"logo\":{\"@type\":\"ImageObject\",\"inLanguage\":\"fr-CA\",\"@id\":\"https:\/\/acaweb.ca\/fr\/#\/schema\/logo\/image\/\",\"url\":\"https:\/\/acaweb.ca\/fr\/wp-content\/uploads\/sites\/3\/2017\/10\/cropped-ACA-FR-logo-colour.png\",\"contentUrl\":\"https:\/\/acaweb.ca\/fr\/wp-content\/uploads\/sites\/3\/2017\/10\/cropped-ACA-FR-logo-colour.png\",\"width\":1595,\"height\":417,\"caption\":\"Association canadienne des annonceurs\"},\"image\":{\"@id\":\"https:\/\/acaweb.ca\/fr\/#\/schema\/logo\/image\/\"}}]}<\/script>\n<!-- \/ Yoast SEO plugin. -->","yoast_head_json":{"title":"Norm O\u2019Reilly Archives - Association canadienne des annonceurs","robots":{"index":"index","follow":"follow","max-snippet":"max-snippet:-1","max-image-preview":"max-image-preview:large","max-video-preview":"max-video-preview:-1"},"canonical":"https:\/\/acaweb.ca\/fr\/tag\/norm-oreilly\/","og_locale":"fr_CA","og_type":"article","og_title":"Norm O\u2019Reilly Archives - Association canadienne des annonceurs","og_url":"https:\/\/acaweb.ca\/fr\/tag\/norm-oreilly\/","og_site_name":"Association canadienne des annonceurs","twitter_card":"summary_large_image","schema":{"@context":"https:\/\/schema.org","@graph":[{"@type":"CollectionPage","@id":"https:\/\/acaweb.ca\/fr\/tag\/norm-oreilly\/","url":"https:\/\/acaweb.ca\/fr\/tag\/norm-oreilly\/","name":"Norm O\u2019Reilly Archives - Association canadienne des annonceurs","isPartOf":{"@id":"https:\/\/acaweb.ca\/fr\/#website"},"breadcrumb":{"@id":"https:\/\/acaweb.ca\/fr\/tag\/norm-oreilly\/#breadcrumb"},"inLanguage":"fr-CA"},{"@type":"BreadcrumbList","@id":"https:\/\/acaweb.ca\/fr\/tag\/norm-oreilly\/#breadcrumb","itemListElement":[{"@type":"ListItem","position":1,"name":"Accueil","item":"https:\/\/acaweb.ca\/fr\/"},{"@type":"ListItem","position":2,"name":"Norm O\u2019Reilly"}]},{"@type":"WebSite","@id":"https:\/\/acaweb.ca\/fr\/#website","url":"https:\/\/acaweb.ca\/fr\/","name":"Association canadienne des annonceurs","description":"","publisher":{"@id":"https:\/\/acaweb.ca\/fr\/#organization"},"potentialAction":[{"@type":"SearchAction","target":{"@type":"EntryPoint","urlTemplate":"https:\/\/acaweb.ca\/fr\/?s={search_term_string}"},"query-input":{"@type":"PropertyValueSpecification","valueRequired":true,"valueName":"search_term_string"}}],"inLanguage":"fr-CA"},{"@type":"Organization","@id":"https:\/\/acaweb.ca\/fr\/#organization","name":"Association canadienne des annonceurs","url":"https:\/\/acaweb.ca\/fr\/","logo":{"@type":"ImageObject","inLanguage":"fr-CA","@id":"https:\/\/acaweb.ca\/fr\/#\/schema\/logo\/image\/","url":"https:\/\/acaweb.ca\/fr\/wp-content\/uploads\/sites\/3\/2017\/10\/cropped-ACA-FR-logo-colour.png","contentUrl":"https:\/\/acaweb.ca\/fr\/wp-content\/uploads\/sites\/3\/2017\/10\/cropped-ACA-FR-logo-colour.png","width":1595,"height":417,"caption":"Association canadienne des annonceurs"},"image":{"@id":"https:\/\/acaweb.ca\/fr\/#\/schema\/logo\/image\/"}}]}},"_links":{"self":[{"href":"https:\/\/acaweb.ca\/fr\/wp-json\/wp\/v2\/pages\/137"}],"collection":[{"href":"https:\/\/acaweb.ca\/fr\/wp-json\/wp\/v2\/pages"}],"about":[{"href":"https:\/\/acaweb.ca\/fr\/wp-json\/wp\/v2\/types\/page"}],"author":[{"embeddable":true,"href":"https:\/\/acaweb.ca\/fr\/wp-json\/wp\/v2\/users\/1"}],"replies":[{"embeddable":true,"href":"https:\/\/acaweb.ca\/fr\/wp-json\/wp\/v2\/comments?post=137"}],"version-history":[{"count":3,"href":"https:\/\/acaweb.ca\/fr\/wp-json\/wp\/v2\/pages\/137\/revisions"}],"predecessor-version":[{"id":7898,"href":"https:\/\/acaweb.ca\/fr\/wp-json\/wp\/v2\/pages\/137\/revisions\/7898"}],"up":[{"embeddable":true,"href":"https:\/\/acaweb.ca\/fr\/wp-json\/wp\/v2\/pages\/131"}],"wp:featuredmedia":[{"embeddable":true,"href":"https:\/\/acaweb.ca\/fr\/wp-json\/wp\/v2\/media\/138"}],"wp:attachment":[{"href":"https:\/\/acaweb.ca\/fr\/wp-json\/wp\/v2\/media?parent=137"}],"curies":[{"name":"wp","href":"https:\/\/api.w.org\/{rel}","templated":true}]}}