{"id":131,"date":"2017-10-10T10:32:56","date_gmt":"2017-10-10T14:32:56","guid":{"rendered":"http:\/\/www.acaweb.ca\/fr\/?page_id=131"},"modified":"2020-03-12T15:41:46","modified_gmt":"2020-03-12T19:41:46","slug":"services-conseils-confidentiels","status":"publish","type":"page","link":"https:\/\/acaweb.ca\/fr\/services-conseils-confidentiels\/","title":{"rendered":"Services-conseils confidentiels"},"content":{"rendered":"<h2>Faites de l\u2019ACA votre ressource de premi\u00e8re ligne<\/h2>\n<p>\u00c0 l\u2019ACA, on comprend tr\u00e8s bien que les annonceurs ne peuvent avoir toutes les r\u00e9ponses aux questions qui les confrontent, ni le temps ou les ressources pour trouver les meilleures solutions. Voil\u00e0 pourquoi nous offrons \u00e0 nos membres des services-conseils confidentiels sans frais additionnels. Ils vous aideront dans ces moments o\u00f9 vous ne pouvez faire appel \u00e0 votre agence ou \u00e0 vos autres fournisseurs. Que vous cherchiez la r\u00e9ponse \u00e0 une question pr\u00e9cise ou que vous vouliez obtenir de l\u2019aide sur un probl\u00e8me marketing ou publicitaire complexe, un appel \u00e0 l\u2019ACA vous permettra d\u2019obtenir de l\u2019information et des conseils r\u00e9pondant \u00e0 vos besoins.<\/p>\n<h3 style=\"text-align: center;\">Nous nous inspirons des\u00a0:<\/h3>\n<h3 style=\"text-align: center;\"><img loading=\"lazy\" decoding=\"async\" class=\"alignnone wp-image-437\" src=\"http:\/\/www.acaweb.ca\/fr\/wp-content\/uploads\/sites\/3\/2017\/10\/ConfConsults-circle1-fr.jpg\" alt=\"industry-statistics\" width=\"210\" height=\"210\" \/> <img loading=\"lazy\" decoding=\"async\" class=\"alignnone wp-image-438\" src=\"http:\/\/www.acaweb.ca\/fr\/wp-content\/uploads\/sites\/3\/2017\/10\/ConfConsults-circle2-fr.jpg\" alt=\"experts-in-field\" width=\"210\" height=\"210\" \/> <img loading=\"lazy\" decoding=\"async\" class=\"alignnone wp-image-439\" src=\"http:\/\/www.acaweb.ca\/fr\/wp-content\/uploads\/sites\/3\/2017\/10\/ConfConsults-circle3-fr.jpg\" alt=\"primary-secondary-research\" width=\"210\" height=\"210\" \/><\/h3>\n<h3 style=\"text-align: center;\">Voici nos services les plus populaires :<\/h3>\n","protected":false},"excerpt":{"rendered":"<p>Nous offrons \u00e0 nos membres des services-conseils confidentiels sans frais additionnels.<\/p>\n","protected":false},"author":1,"featured_media":2835,"parent":0,"menu_order":139,"comment_status":"closed","ping_status":"closed","template":"confidential-consultations.php","meta":{"_acf_changed":false,"content-type":"","footnotes":""},"acf":[],"yoast_head":"<!-- This site is optimized with the Yoast SEO plugin v23.4 - https:\/\/yoast.com\/wordpress\/plugins\/seo\/ -->\n<title>Partnership Group Archives - Association canadienne des annonceurs<\/title>\n<meta name=\"robots\" content=\"index, follow, max-snippet:-1, max-image-preview:large, max-video-preview:-1\" \/>\n<link rel=\"canonical\" href=\"https:\/\/acaweb.ca\/fr\/tag\/partnership-group\/\" \/>\n<meta property=\"og:locale\" content=\"fr_CA\" \/>\n<meta property=\"og:type\" content=\"article\" \/>\n<meta property=\"og:title\" content=\"Partnership Group Archives - Association canadienne des annonceurs\" \/>\n<meta property=\"og:url\" content=\"https:\/\/acaweb.ca\/fr\/tag\/partnership-group\/\" \/>\n<meta property=\"og:site_name\" content=\"Association canadienne des annonceurs\" \/>\n<meta name=\"twitter:card\" content=\"summary_large_image\" \/>\n<script type=\"application\/ld+json\" class=\"yoast-schema-graph\">{\"@context\":\"https:\/\/schema.org\",\"@graph\":[{\"@type\":\"CollectionPage\",\"@id\":\"https:\/\/acaweb.ca\/fr\/tag\/partnership-group\/\",\"url\":\"https:\/\/acaweb.ca\/fr\/tag\/partnership-group\/\",\"name\":\"Partnership Group Archives - Association canadienne des annonceurs\",\"isPartOf\":{\"@id\":\"https:\/\/acaweb.ca\/fr\/#website\"},\"breadcrumb\":{\"@id\":\"https:\/\/acaweb.ca\/fr\/tag\/partnership-group\/#breadcrumb\"},\"inLanguage\":\"fr-CA\"},{\"@type\":\"BreadcrumbList\",\"@id\":\"https:\/\/acaweb.ca\/fr\/tag\/partnership-group\/#breadcrumb\",\"itemListElement\":[{\"@type\":\"ListItem\",\"position\":1,\"name\":\"Accueil\",\"item\":\"https:\/\/acaweb.ca\/fr\/\"},{\"@type\":\"ListItem\",\"position\":2,\"name\":\"Partnership Group\"}]},{\"@type\":\"WebSite\",\"@id\":\"https:\/\/acaweb.ca\/fr\/#website\",\"url\":\"https:\/\/acaweb.ca\/fr\/\",\"name\":\"Association canadienne des annonceurs\",\"description\":\"\",\"publisher\":{\"@id\":\"https:\/\/acaweb.ca\/fr\/#organization\"},\"potentialAction\":[{\"@type\":\"SearchAction\",\"target\":{\"@type\":\"EntryPoint\",\"urlTemplate\":\"https:\/\/acaweb.ca\/fr\/?s={search_term_string}\"},\"query-input\":{\"@type\":\"PropertyValueSpecification\",\"valueRequired\":true,\"valueName\":\"search_term_string\"}}],\"inLanguage\":\"fr-CA\"},{\"@type\":\"Organization\",\"@id\":\"https:\/\/acaweb.ca\/fr\/#organization\",\"name\":\"Association canadienne des annonceurs\",\"url\":\"https:\/\/acaweb.ca\/fr\/\",\"logo\":{\"@type\":\"ImageObject\",\"inLanguage\":\"fr-CA\",\"@id\":\"https:\/\/acaweb.ca\/fr\/#\/schema\/logo\/image\/\",\"url\":\"https:\/\/acaweb.ca\/fr\/wp-content\/uploads\/sites\/3\/2017\/10\/cropped-ACA-FR-logo-colour.png\",\"contentUrl\":\"https:\/\/acaweb.ca\/fr\/wp-content\/uploads\/sites\/3\/2017\/10\/cropped-ACA-FR-logo-colour.png\",\"width\":1595,\"height\":417,\"caption\":\"Association canadienne des annonceurs\"},\"image\":{\"@id\":\"https:\/\/acaweb.ca\/fr\/#\/schema\/logo\/image\/\"}}]}<\/script>\n<!-- \/ Yoast SEO plugin. -->","yoast_head_json":{"title":"Partnership Group Archives - Association canadienne des annonceurs","robots":{"index":"index","follow":"follow","max-snippet":"max-snippet:-1","max-image-preview":"max-image-preview:large","max-video-preview":"max-video-preview:-1"},"canonical":"https:\/\/acaweb.ca\/fr\/tag\/partnership-group\/","og_locale":"fr_CA","og_type":"article","og_title":"Partnership Group Archives - Association canadienne des annonceurs","og_url":"https:\/\/acaweb.ca\/fr\/tag\/partnership-group\/","og_site_name":"Association canadienne des annonceurs","twitter_card":"summary_large_image","schema":{"@context":"https:\/\/schema.org","@graph":[{"@type":"CollectionPage","@id":"https:\/\/acaweb.ca\/fr\/tag\/partnership-group\/","url":"https:\/\/acaweb.ca\/fr\/tag\/partnership-group\/","name":"Partnership Group Archives - Association canadienne des annonceurs","isPartOf":{"@id":"https:\/\/acaweb.ca\/fr\/#website"},"breadcrumb":{"@id":"https:\/\/acaweb.ca\/fr\/tag\/partnership-group\/#breadcrumb"},"inLanguage":"fr-CA"},{"@type":"BreadcrumbList","@id":"https:\/\/acaweb.ca\/fr\/tag\/partnership-group\/#breadcrumb","itemListElement":[{"@type":"ListItem","position":1,"name":"Accueil","item":"https:\/\/acaweb.ca\/fr\/"},{"@type":"ListItem","position":2,"name":"Partnership Group"}]},{"@type":"WebSite","@id":"https:\/\/acaweb.ca\/fr\/#website","url":"https:\/\/acaweb.ca\/fr\/","name":"Association canadienne des annonceurs","description":"","publisher":{"@id":"https:\/\/acaweb.ca\/fr\/#organization"},"potentialAction":[{"@type":"SearchAction","target":{"@type":"EntryPoint","urlTemplate":"https:\/\/acaweb.ca\/fr\/?s={search_term_string}"},"query-input":{"@type":"PropertyValueSpecification","valueRequired":true,"valueName":"search_term_string"}}],"inLanguage":"fr-CA"},{"@type":"Organization","@id":"https:\/\/acaweb.ca\/fr\/#organization","name":"Association canadienne des annonceurs","url":"https:\/\/acaweb.ca\/fr\/","logo":{"@type":"ImageObject","inLanguage":"fr-CA","@id":"https:\/\/acaweb.ca\/fr\/#\/schema\/logo\/image\/","url":"https:\/\/acaweb.ca\/fr\/wp-content\/uploads\/sites\/3\/2017\/10\/cropped-ACA-FR-logo-colour.png","contentUrl":"https:\/\/acaweb.ca\/fr\/wp-content\/uploads\/sites\/3\/2017\/10\/cropped-ACA-FR-logo-colour.png","width":1595,"height":417,"caption":"Association canadienne des annonceurs"},"image":{"@id":"https:\/\/acaweb.ca\/fr\/#\/schema\/logo\/image\/"}}]}},"_links":{"self":[{"href":"https:\/\/acaweb.ca\/fr\/wp-json\/wp\/v2\/pages\/131"}],"collection":[{"href":"https:\/\/acaweb.ca\/fr\/wp-json\/wp\/v2\/pages"}],"about":[{"href":"https:\/\/acaweb.ca\/fr\/wp-json\/wp\/v2\/types\/page"}],"author":[{"embeddable":true,"href":"https:\/\/acaweb.ca\/fr\/wp-json\/wp\/v2\/users\/1"}],"replies":[{"embeddable":true,"href":"https:\/\/acaweb.ca\/fr\/wp-json\/wp\/v2\/comments?post=131"}],"version-history":[{"count":1,"href":"https:\/\/acaweb.ca\/fr\/wp-json\/wp\/v2\/pages\/131\/revisions"}],"predecessor-version":[{"id":3272,"href":"https:\/\/acaweb.ca\/fr\/wp-json\/wp\/v2\/pages\/131\/revisions\/3272"}],"wp:featuredmedia":[{"embeddable":true,"href":"https:\/\/acaweb.ca\/fr\/wp-json\/wp\/v2\/media\/2835"}],"wp:attachment":[{"href":"https:\/\/acaweb.ca\/fr\/wp-json\/wp\/v2\/media?parent=131"}],"curies":[{"name":"wp","href":"https:\/\/api.w.org\/{rel}","templated":true}]}}