{"id":2380,"date":"2017-09-28T09:32:23","date_gmt":"2017-09-28T13:32:23","guid":{"rendered":"http:\/\/www.acaweb.ca\/en\/?page_id=2380"},"modified":"2017-10-06T12:52:34","modified_gmt":"2017-10-06T16:52:34","slug":"aca-welcomes-six-new-board-members","status":"publish","type":"page","link":"https:\/\/acaweb.ca\/en\/about\/for-media\/aca-welcomes-six-new-board-members\/","title":{"rendered":"ACA Welcomes Six New  Board Members"},"content":{"rendered":"<ul>\n<li>Marketing leaders elected from Boston Pizza, CIBC, Nestl\u00e9, TELUS, Toyota and Unilever<\/li>\n<li>New additions to ACA\u2019s Board of Directors will serve two-year terms<\/li>\n<\/ul>\n<p><strong>Toronto, October 5, 2016:<\/strong> The Association of Canadian Advertisers (ACA) today announced the election of six new directors to its Board for 2016-2018.<\/p>\n<p>ACA welcomes the following marketing executives to its board:<\/p>\n<ul>\n<li>Daniel Alter, Senior Marketing Director, Unilever<\/li>\n<li>Tracey Cooke, VP Communication and Marketing Excellence, Nestl\u00e9 Canada<\/li>\n<li>Jennifer Davidson, VP Marketing Communications, CIBC<\/li>\n<li>Jamie Humphries, Director Marketing, Toyota Canada<\/li>\n<li>Simone Lumsden, VP Customer Relationship Marketing and Engagement, TELUS<\/li>\n<li>Steve Silverstone, EVP Marketing, Boston Pizza<\/li>\n<\/ul>\n<p>Returning members to ACA\u2019s Board include:<\/p>\n<ul>\n<li>Patrick Dickinson, <strong>Chair<\/strong>, SVP Marketing and Brand Strategy, Hudson\u2019s Bay Company<\/li>\n<li>Doug Milne, <strong>Vice Chair &amp; Treasurer<\/strong>, VP Marketing Communications<\/li>\n<li>St\u00e9phane B\u00e9rub\u00e9, Chief Marketing Officer, L\u2019Or\u00e9al Canada<\/li>\n<li>Moya Brown, VP Marketing, Campbell Company Of Canada<\/li>\n<li>D\u2019Arcy Finley, VP Marketing, Maple Leaf Foods<\/li>\n<li>Kathryn Matheson, VP Brand Marketing, Pepsico Foods Canada<\/li>\n<li>Kyle Norrington, VP Marketing, Labatt Breweries of Canada<\/li>\n<li>Ronald S. Lund, President &amp; CEO, Association of Canadian Advertisers.<\/li>\n<\/ul>\n<p>\u201cACA can proudly say it is comprised of marketers working solely on behalf of marketers,\u201d said Ron Lund, President and CEO, ACA. \u201cWe\u2019re pleased to welcome the new editions to the board \u2013 a vanguard of Canadian marketers who provide thought-leadership and guidance to the industry.\u201d<\/p>\n","protected":false},"excerpt":{"rendered":"<p>Marketing leaders elected from Boston Pizza, CIBC, Nestl\u00e9, TELUS, Toyota and Unilever New additions to ACA\u2019s Board of Directors will serve two-year terms Toronto, October 5, 2016: The Association of Canadian Advertisers (ACA) today announced the election of six new directors to its Board for 2016-2018. ACA welcomes the following marketing executives to its board: [&hellip;]<\/p>\n","protected":false},"author":1,"featured_media":0,"parent":26,"menu_order":0,"comment_status":"closed","ping_status":"closed","template":"","meta":{"_acf_changed":false,"content-type":"","footnotes":""},"acf":[],"yoast_head":"<!-- This site is optimized with the Yoast SEO plugin v23.4 - https:\/\/yoast.com\/wordpress\/plugins\/seo\/ -->\n<title>Association of Canadian Advertisers<\/title>\n<meta name=\"robots\" content=\"index, follow, max-snippet:-1, max-image-preview:large, max-video-preview:-1\" \/>\n<meta property=\"og:locale\" content=\"en_US\" \/>\n<meta property=\"og:type\" content=\"article\" \/>\n<meta property=\"og:site_name\" content=\"Association of Canadian Advertisers\" \/>\n<meta name=\"twitter:card\" content=\"summary_large_image\" \/>\n<meta name=\"twitter:site\" content=\"@ACA_tweets\" \/>\n<script type=\"application\/ld+json\" class=\"yoast-schema-graph\">{\"@context\":\"https:\/\/schema.org\",\"@graph\":[{\"@type\":\"CollectionPage\",\"@id\":null,\"url\":\"\",\"name\":\"\",\"isPartOf\":{\"@id\":\"https:\/\/acaweb.ca\/en\/#website\"},\"inLanguage\":\"en-CA\"},{\"@type\":\"WebSite\",\"@id\":\"https:\/\/acaweb.ca\/en\/#website\",\"url\":\"https:\/\/acaweb.ca\/en\/\",\"name\":\"Association of Canadian Advertisers\",\"description\":\"Just another Association of Canadian Advertisers site\",\"publisher\":{\"@id\":\"https:\/\/acaweb.ca\/en\/#organization\"},\"potentialAction\":[{\"@type\":\"SearchAction\",\"target\":{\"@type\":\"EntryPoint\",\"urlTemplate\":\"https:\/\/acaweb.ca\/en\/?s={search_term_string}\"},\"query-input\":{\"@type\":\"PropertyValueSpecification\",\"valueRequired\":true,\"valueName\":\"search_term_string\"}}],\"inLanguage\":\"en-CA\"},{\"@type\":\"Organization\",\"@id\":\"https:\/\/acaweb.ca\/en\/#organization\",\"name\":\"Association of Canadian Advertisers\",\"url\":\"https:\/\/acaweb.ca\/en\/\",\"logo\":{\"@type\":\"ImageObject\",\"inLanguage\":\"en-CA\",\"@id\":\"https:\/\/acaweb.ca\/en\/#\/schema\/logo\/image\/\",\"url\":\"https:\/\/acaweb.ca\/en\/wp-content\/uploads\/sites\/2\/2017\/10\/aca-logo.png\",\"contentUrl\":\"https:\/\/acaweb.ca\/en\/wp-content\/uploads\/sites\/2\/2017\/10\/aca-logo.png\",\"width\":682,\"height\":278,\"caption\":\"Association of Canadian Advertisers\"},\"image\":{\"@id\":\"https:\/\/acaweb.ca\/en\/#\/schema\/logo\/image\/\"},\"sameAs\":[\"https:\/\/x.com\/ACA_tweets\",\"https:\/\/ca.linkedin.com\/company\/association-of-canadian-advertisers\"]}]}<\/script>\n<!-- \/ Yoast SEO plugin. -->","yoast_head_json":{"title":"Association of Canadian Advertisers","robots":{"index":"index","follow":"follow","max-snippet":"max-snippet:-1","max-image-preview":"max-image-preview:large","max-video-preview":"max-video-preview:-1"},"og_locale":"en_US","og_type":"article","og_site_name":"Association of Canadian Advertisers","twitter_card":"summary_large_image","twitter_site":"@ACA_tweets","schema":{"@context":"https:\/\/schema.org","@graph":[{"@type":"CollectionPage","@id":null,"url":"","name":"","isPartOf":{"@id":"https:\/\/acaweb.ca\/en\/#website"},"inLanguage":"en-CA"},{"@type":"WebSite","@id":"https:\/\/acaweb.ca\/en\/#website","url":"https:\/\/acaweb.ca\/en\/","name":"Association of Canadian Advertisers","description":"Just another Association of Canadian Advertisers site","publisher":{"@id":"https:\/\/acaweb.ca\/en\/#organization"},"potentialAction":[{"@type":"SearchAction","target":{"@type":"EntryPoint","urlTemplate":"https:\/\/acaweb.ca\/en\/?s={search_term_string}"},"query-input":{"@type":"PropertyValueSpecification","valueRequired":true,"valueName":"search_term_string"}}],"inLanguage":"en-CA"},{"@type":"Organization","@id":"https:\/\/acaweb.ca\/en\/#organization","name":"Association of Canadian Advertisers","url":"https:\/\/acaweb.ca\/en\/","logo":{"@type":"ImageObject","inLanguage":"en-CA","@id":"https:\/\/acaweb.ca\/en\/#\/schema\/logo\/image\/","url":"https:\/\/acaweb.ca\/en\/wp-content\/uploads\/sites\/2\/2017\/10\/aca-logo.png","contentUrl":"https:\/\/acaweb.ca\/en\/wp-content\/uploads\/sites\/2\/2017\/10\/aca-logo.png","width":682,"height":278,"caption":"Association of Canadian Advertisers"},"image":{"@id":"https:\/\/acaweb.ca\/en\/#\/schema\/logo\/image\/"},"sameAs":["https:\/\/x.com\/ACA_tweets","https:\/\/ca.linkedin.com\/company\/association-of-canadian-advertisers"]}]}},"_links":{"self":[{"href":"https:\/\/acaweb.ca\/en\/wp-json\/wp\/v2\/pages\/2380"}],"collection":[{"href":"https:\/\/acaweb.ca\/en\/wp-json\/wp\/v2\/pages"}],"about":[{"href":"https:\/\/acaweb.ca\/en\/wp-json\/wp\/v2\/types\/page"}],"author":[{"embeddable":true,"href":"https:\/\/acaweb.ca\/en\/wp-json\/wp\/v2\/users\/1"}],"replies":[{"embeddable":true,"href":"https:\/\/acaweb.ca\/en\/wp-json\/wp\/v2\/comments?post=2380"}],"version-history":[{"count":0,"href":"https:\/\/acaweb.ca\/en\/wp-json\/wp\/v2\/pages\/2380\/revisions"}],"up":[{"embeddable":true,"href":"https:\/\/acaweb.ca\/en\/wp-json\/wp\/v2\/pages\/26"}],"wp:attachment":[{"href":"https:\/\/acaweb.ca\/en\/wp-json\/wp\/v2\/media?parent=2380"}],"curies":[{"name":"wp","href":"https:\/\/api.w.org\/{rel}","templated":true}]}}